{"id":622,"date":"2016-08-22T14:14:59","date_gmt":"2016-08-22T12:14:59","guid":{"rendered":"http:\/\/mein-frauenarzt-in-berlin.de\/uk\/?page_id=622"},"modified":"2023-07-26T18:26:55","modified_gmt":"2023-07-26T16:26:55","slug":"startseite","status":"publish","type":"page","link":"https:\/\/mein-frauenarzt-in-berlin.de\/uk\/","title":{"rendered":"Startseite"},"content":{"rendered":"<style type=\"text\/css\" scoped=\"scoped\">#g1-section-1.g1-section {background-color: #e81700; background-repeat:repeat; background-position:center top; background-attachment:static;}<\/style><div id=\"g1-section-1\" class=\"g1-section \"><div class=\"g1-layout-inner\">\n<ul class=\"g1-grid\"><li class=\"g1-column g1-one-third g1-valign-top\">\n<span id=\"g1-space-1\" class=\"g1-space \" style=\"height:30px;\"><\/span>\n<div id=\"g1-table-1\" class=\"g1-table g1-table--solid \">\n<table>\n<caption><strong style=\"font-size: 16px;\">Sprechzeiten<\/strong><\/caption>\n<tbody>\n<tr>\n<td><strong style=\"font-size: 15px;\">Montag<\/strong><\/td>\n<td><strong style=\"font-size: 15px;\">08:00 bis 15:00 Uhr<\/strong><\/td>\n<\/tr>\n<tr>\n<td><strong style=\"font-size: 15px;\">Dienstag<\/strong><\/td>\n<td><strong style=\"font-size: 15px;\">08:00 bis 14:00 Uhr<\/strong><\/td>\n<\/tr>\n<tr>\n<td><strong style=\"font-size: 15px;\">Mittwoch<\/strong><\/td>\n<td><strong style=\"font-size: 15px;\">08:00 bis 15:00 Uhr<\/strong><\/td>\n<\/tr>\n<tr>\n<td><strong style=\"font-size: 15px;\">Donnerstag<\/strong><\/td>\n<td><strong>08:00 bis 14:00 Uhr<\/strong><\/td>\n<\/tr>\n<tr>\n<td><strong style=\"font-size: 15px;\">Freitag<\/strong><\/td>\n<td><strong style=\"font-size: 15px;\">08:00 bis 12:00 Uhr<\/strong><\/td>\n<\/tr>\n<\/tbody>\n<\/table>\n<\/div>\n<\/li><!-- -->\n<li class=\"g1-column g1-one-third g1-valign-top\">\n<span id=\"g1-space-2\" class=\"g1-space \" style=\"height:30px;\"><\/span>\n<p style=\"text-align: justify;\"><a href=\"https:\/\/www.terminland.de\/dr_obst\/\"><img loading=\"lazy\" decoding=\"async\" class=\"alignnone size-full wp-image-40\" src=\"https:\/\/mein-frauenarzt-in-berlin.de\/wp-content\/uploads\/2016\/05\/termin_online_orange.png\" alt=\"termin_online_orange\" width=\"180\" height=\"60\" \/><\/a><\/p>\n<p><span style=\"font-size: 13pt; color: #e8e6e6;\"> <i id=\"icon-1\" class=\"g1-icon g1-icon--none g1-icon--small g1-icon--inherit  fa fa-envelope\"><\/i> Ringbahnstr. 3,<\/span><br \/>\n<span style=\"font-size: 13pt;\"> <span style=\"color: #e81700;\"> <i id=\"icon-2\" class=\"g1-icon g1-icon--none g1-icon--small g1-icon--inherit  fa fa-chevron-right\"><\/i><\/span><span style=\"color: #e8e6e6;\">\u00a0 10711 Berlin<br \/>\n<span style=\"color: #e81700;\"><i id=\"icon-3\" class=\"g1-icon g1-icon--none g1-icon--small g1-icon--inherit  fa fa-chevron-right\"><\/i><\/span>\u00a0 Charlottenburg-Wilmersdorf<\/span><\/span><br \/>\n<span style=\"font-size: 13pt; color: #e8e6e6;\"> <i id=\"icon-4\" class=\"g1-icon g1-icon--none g1-icon--small g1-icon--inherit  fa fa-phone\"><\/i> \u00a0030 \/ 893 11 60<br \/>\n<i id=\"icon-5\" class=\"g1-icon g1-icon--none g1-icon--small g1-icon--inherit  fa fa-print\"><\/i> \u00a0030 \/ 895 41 569<\/span><br \/>\n<span style=\"font-size: 13pt;\"> <span style=\"color: #e8e6e6;\"> <i id=\"icon-6\" class=\"g1-icon g1-icon--none g1-icon--small g1-icon--inherit  fa fa-at\"><\/i> <a href=\"https:\/\/mein-frauenarzt-in-berlin.de\/kontakt\/\">Kontakt<\/a><\/span><\/span><\/p>\n<\/li><!-- -->\n<li class=\"g1-column g1-one-third g1-valign-top\">\n<div id=\"g1-box-counter-1\" class=\"g1-box g1-box--simple  g1-box--icon\" ><i class=\"fa fa-info g1-box__icon\"><\/i><div class=\"g1-box__inner\">\n<h3><span style=\"color: #606060;\"><strong><span style=\"font-family: verdana, geneva, sans-serif;\">Praxis-Info<\/span><\/strong><\/span><\/h3>\n<p style=\"text-align: justify;\"><span style=\"font-size: 11pt;\">\u00a0<\/span><\/p>\n<\/div><\/div>\n<\/li><!-- --><\/ul>\n<\/div><\/div>\n<style type=\"text\/css\" scoped=\"scoped\">#g1-section-2.g1-section {background-color: #ffffff; background-repeat:no-repeat; background-position:left top; background-attachment:static;}<\/style><div id=\"g1-section-2\" class=\"g1-section \"><div class=\"g1-layout-inner\">\n<p style=\"text-align: justify;\"><span style=\"font-family: verdana, geneva, sans-serif; font-size: 12pt;\"><strong>Sehr geehrte Patientinnen,<\/strong><\/span><\/p>\n<p style=\"text-align: justify;\"><span style=\"font-family: verdana, geneva, sans-serif; font-size: 12pt;\"><strong>ich begr\u00fc\u00dfe Sie sehr herzlich auf unserer Internetseite.\u00a0<\/strong>Am\u00a001. April 2016 habe ich die gyn\u00e4kologische Betreuung der Praxis von Frau Dr. med. Obst-Tirmizi \u00fcbernommen, welche sich in den wohlverdienten Ruhestand begeben hat.\u00a0<\/span><\/p>\n<p style=\"text-align: justify;\"><span style=\"font-family: verdana, geneva, sans-serif; font-size: 12pt;\">Mein Praxis-Team und ich freuen uns \u00fcber Ihr Vertrauen und Sie in meiner\u00a0Praxis begr\u00fc\u00dfen zu d\u00fcrfen!<\/span><\/p>\n<p style=\"text-align: justify;\"><span style=\"font-family: verdana, geneva, sans-serif; font-size: 12pt;\">Ihr B. Myndiuk und Team<\/span><\/p>\n<\/div><\/div>\n<p style=\"text-align: justify;\">\n","protected":false},"excerpt":{"rendered":"","protected":false},"author":1,"featured_media":0,"parent":0,"menu_order":0,"comment_status":"closed","ping_status":"closed","template":"g1_template_page_full_sections.php","meta":{"footnotes":""},"class_list":["post-622","page","type-page","status-publish"],"yoast_head":"<!-- This site is optimized with the Yoast SEO plugin v23.2 - https:\/\/yoast.com\/wordpress\/plugins\/seo\/ -->\n<title>Startseite - Praxis Facharzt B. Myndiuk<\/title>\n<meta name=\"robots\" content=\"index, follow, max-snippet:-1, max-image-preview:large, max-video-preview:-1\" \/>\n<link rel=\"canonical\" href=\"https:\/\/mein-frauenarzt-in-berlin.de\/uk\/\" \/>\n<meta property=\"og:locale\" content=\"uk_UA\" \/>\n<meta property=\"og:type\" content=\"article\" \/>\n<meta property=\"og:title\" content=\"Startseite - Praxis Facharzt B. Myndiuk\" \/>\n<meta property=\"og:url\" content=\"https:\/\/mein-frauenarzt-in-berlin.de\/uk\/\" \/>\n<meta property=\"og:site_name\" content=\"Praxis Facharzt B. Myndiuk\" \/>\n<meta property=\"article:modified_time\" content=\"2023-07-26T16:26:55+00:00\" \/>\n<meta property=\"og:image\" content=\"https:\/\/mein-frauenarzt-in-berlin.de\/wp-content\/uploads\/2016\/05\/termin_online_orange.png\" \/>\n<meta name=\"twitter:card\" content=\"summary_large_image\" \/>\n<meta name=\"twitter:label1\" content=\"Est. reading time\" \/>\n\t<meta name=\"twitter:data1\" content=\"2 minutes\" \/>\n<script type=\"application\/ld+json\" class=\"yoast-schema-graph\">{\"@context\":\"https:\/\/schema.org\",\"@graph\":[{\"@type\":\"WebPage\",\"@id\":\"https:\/\/mein-frauenarzt-in-berlin.de\/uk\/\",\"url\":\"https:\/\/mein-frauenarzt-in-berlin.de\/uk\/\",\"name\":\"Startseite - Praxis Facharzt B. Myndiuk\",\"isPartOf\":{\"@id\":\"https:\/\/mein-frauenarzt-in-berlin.de\/ru\/#website\"},\"primaryImageOfPage\":{\"@id\":\"https:\/\/mein-frauenarzt-in-berlin.de\/uk\/#primaryimage\"},\"image\":{\"@id\":\"https:\/\/mein-frauenarzt-in-berlin.de\/uk\/#primaryimage\"},\"thumbnailUrl\":\"https:\/\/mein-frauenarzt-in-berlin.de\/wp-content\/uploads\/2016\/05\/termin_online_orange.png\",\"datePublished\":\"2016-08-22T12:14:59+00:00\",\"dateModified\":\"2023-07-26T16:26:55+00:00\",\"breadcrumb\":{\"@id\":\"https:\/\/mein-frauenarzt-in-berlin.de\/uk\/#breadcrumb\"},\"inLanguage\":\"uk-UA\",\"potentialAction\":[{\"@type\":\"ReadAction\",\"target\":[\"https:\/\/mein-frauenarzt-in-berlin.de\/uk\/\"]}]},{\"@type\":\"ImageObject\",\"inLanguage\":\"uk-UA\",\"@id\":\"https:\/\/mein-frauenarzt-in-berlin.de\/uk\/#primaryimage\",\"url\":\"https:\/\/mein-frauenarzt-in-berlin.de\/wp-content\/uploads\/2016\/05\/termin_online_orange.png\",\"contentUrl\":\"https:\/\/mein-frauenarzt-in-berlin.de\/wp-content\/uploads\/2016\/05\/termin_online_orange.png\"},{\"@type\":\"BreadcrumbList\",\"@id\":\"https:\/\/mein-frauenarzt-in-berlin.de\/uk\/#breadcrumb\",\"itemListElement\":[{\"@type\":\"ListItem\",\"position\":1,\"name\":\"Startseite\",\"item\":\"https:\/\/mein-frauenarzt-in-berlin.de\/uk\/\"},{\"@type\":\"ListItem\",\"position\":2,\"name\":\"Startseite\"}]},{\"@type\":\"WebSite\",\"@id\":\"https:\/\/mein-frauenarzt-in-berlin.de\/ru\/#website\",\"url\":\"https:\/\/mein-frauenarzt-in-berlin.de\/ru\/\",\"name\":\"Praxis Facharzt B. Myndiuk\",\"description\":\"Ihr Frauenarzt in Berlin\",\"potentialAction\":[{\"@type\":\"SearchAction\",\"target\":{\"@type\":\"EntryPoint\",\"urlTemplate\":\"https:\/\/mein-frauenarzt-in-berlin.de\/ru\/?s={search_term_string}\"},\"query-input\":\"required name=search_term_string\"}],\"inLanguage\":\"uk-UA\"}]}<\/script>\n<!-- \/ Yoast SEO plugin. -->","yoast_head_json":{"title":"Startseite - Praxis Facharzt B. Myndiuk","robots":{"index":"index","follow":"follow","max-snippet":"max-snippet:-1","max-image-preview":"max-image-preview:large","max-video-preview":"max-video-preview:-1"},"canonical":"https:\/\/mein-frauenarzt-in-berlin.de\/uk\/","og_locale":"uk_UA","og_type":"article","og_title":"Startseite - Praxis Facharzt B. Myndiuk","og_url":"https:\/\/mein-frauenarzt-in-berlin.de\/uk\/","og_site_name":"Praxis Facharzt B. Myndiuk","article_modified_time":"2023-07-26T16:26:55+00:00","og_image":[{"url":"https:\/\/mein-frauenarzt-in-berlin.de\/wp-content\/uploads\/2016\/05\/termin_online_orange.png"}],"twitter_card":"summary_large_image","twitter_misc":{"Est. reading time":"2 minutes"},"schema":{"@context":"https:\/\/schema.org","@graph":[{"@type":"WebPage","@id":"https:\/\/mein-frauenarzt-in-berlin.de\/uk\/","url":"https:\/\/mein-frauenarzt-in-berlin.de\/uk\/","name":"Startseite - Praxis Facharzt B. Myndiuk","isPartOf":{"@id":"https:\/\/mein-frauenarzt-in-berlin.de\/ru\/#website"},"primaryImageOfPage":{"@id":"https:\/\/mein-frauenarzt-in-berlin.de\/uk\/#primaryimage"},"image":{"@id":"https:\/\/mein-frauenarzt-in-berlin.de\/uk\/#primaryimage"},"thumbnailUrl":"https:\/\/mein-frauenarzt-in-berlin.de\/wp-content\/uploads\/2016\/05\/termin_online_orange.png","datePublished":"2016-08-22T12:14:59+00:00","dateModified":"2023-07-26T16:26:55+00:00","breadcrumb":{"@id":"https:\/\/mein-frauenarzt-in-berlin.de\/uk\/#breadcrumb"},"inLanguage":"uk-UA","potentialAction":[{"@type":"ReadAction","target":["https:\/\/mein-frauenarzt-in-berlin.de\/uk\/"]}]},{"@type":"ImageObject","inLanguage":"uk-UA","@id":"https:\/\/mein-frauenarzt-in-berlin.de\/uk\/#primaryimage","url":"https:\/\/mein-frauenarzt-in-berlin.de\/wp-content\/uploads\/2016\/05\/termin_online_orange.png","contentUrl":"https:\/\/mein-frauenarzt-in-berlin.de\/wp-content\/uploads\/2016\/05\/termin_online_orange.png"},{"@type":"BreadcrumbList","@id":"https:\/\/mein-frauenarzt-in-berlin.de\/uk\/#breadcrumb","itemListElement":[{"@type":"ListItem","position":1,"name":"Startseite","item":"https:\/\/mein-frauenarzt-in-berlin.de\/uk\/"},{"@type":"ListItem","position":2,"name":"Startseite"}]},{"@type":"WebSite","@id":"https:\/\/mein-frauenarzt-in-berlin.de\/ru\/#website","url":"https:\/\/mein-frauenarzt-in-berlin.de\/ru\/","name":"Praxis Facharzt B. Myndiuk","description":"Ihr Frauenarzt in Berlin","potentialAction":[{"@type":"SearchAction","target":{"@type":"EntryPoint","urlTemplate":"https:\/\/mein-frauenarzt-in-berlin.de\/ru\/?s={search_term_string}"},"query-input":"required name=search_term_string"}],"inLanguage":"uk-UA"}]}},"_links":{"self":[{"href":"https:\/\/mein-frauenarzt-in-berlin.de\/uk\/wp-json\/wp\/v2\/pages\/622"}],"collection":[{"href":"https:\/\/mein-frauenarzt-in-berlin.de\/uk\/wp-json\/wp\/v2\/pages"}],"about":[{"href":"https:\/\/mein-frauenarzt-in-berlin.de\/uk\/wp-json\/wp\/v2\/types\/page"}],"author":[{"embeddable":true,"href":"https:\/\/mein-frauenarzt-in-berlin.de\/uk\/wp-json\/wp\/v2\/users\/1"}],"replies":[{"embeddable":true,"href":"https:\/\/mein-frauenarzt-in-berlin.de\/uk\/wp-json\/wp\/v2\/comments?post=622"}],"version-history":[{"count":2,"href":"https:\/\/mein-frauenarzt-in-berlin.de\/uk\/wp-json\/wp\/v2\/pages\/622\/revisions"}],"predecessor-version":[{"id":1336,"href":"https:\/\/mein-frauenarzt-in-berlin.de\/uk\/wp-json\/wp\/v2\/pages\/622\/revisions\/1336"}],"wp:attachment":[{"href":"https:\/\/mein-frauenarzt-in-berlin.de\/uk\/wp-json\/wp\/v2\/media?parent=622"}],"curies":[{"name":"wp","href":"https:\/\/api.w.org\/{rel}","templated":true}]}}