{"id":990,"date":"2016-10-13T14:22:54","date_gmt":"2016-10-13T12:22:54","guid":{"rendered":"http:\/\/mein-frauenarzt-in-berlin.de\/ru\/?page_id=990"},"modified":"2016-10-13T14:22:54","modified_gmt":"2016-10-13T12:22:54","slug":"kontakt-ru","status":"publish","type":"page","link":"https:\/\/mein-frauenarzt-in-berlin.de\/ru\/kontakt-ru\/","title":{"rendered":"Kontakt-RU"},"content":{"rendered":"<ul class=\"g1-grid\"><li class=\"g1-column g1-two-third g1-valign-top\">\n<span id=\"g1-space-1\" class=\"g1-space \" style=\"margin-top:-10px;\"><\/span>\n\n<div class=\"wpcf7 no-js\" id=\"wpcf7-f10-o1\" lang=\"de-DE\" dir=\"ltr\">\n<div class=\"screen-reader-response\"><p role=\"status\" aria-live=\"polite\" aria-atomic=\"true\"><\/p> <ul><\/ul><\/div>\n<form action=\"\/ru\/wp-json\/wp\/v2\/pages\/990#wpcf7-f10-o1\" method=\"post\" class=\"wpcf7-form init\" aria-label=\"Kontaktformular\" novalidate=\"novalidate\" data-status=\"init\">\n<div style=\"display: none;\">\n<input type=\"hidden\" name=\"_wpcf7\" value=\"10\" \/>\n<input type=\"hidden\" name=\"_wpcf7_version\" value=\"5.9.8\" \/>\n<input type=\"hidden\" name=\"_wpcf7_locale\" value=\"de_DE\" \/>\n<input type=\"hidden\" name=\"_wpcf7_unit_tag\" value=\"wpcf7-f10-o1\" \/>\n<input type=\"hidden\" name=\"_wpcf7_container_post\" value=\"0\" \/>\n<input type=\"hidden\" name=\"_wpcf7_posted_data_hash\" value=\"\" \/>\n<\/div>\n<p style=\"font-size:14pt;\">Ihr Name (Pflichtfeld)\n<\/p>\n<p><span class=\"wpcf7-form-control-wrap\" data-name=\"your-name\"><input size=\"40\" maxlength=\"400\" class=\"wpcf7-form-control wpcf7-text wpcf7-validates-as-required\" aria-required=\"true\" aria-invalid=\"false\" value=\"\" type=\"text\" name=\"your-name\" \/><\/span>\n<\/p>\n<p style=\"font-size:14pt;\">Ihre E-Mail-Adresse (Pflichtfeld)\n<\/p>\n<p><span class=\"wpcf7-form-control-wrap\" data-name=\"your-email\"><input size=\"40\" maxlength=\"400\" class=\"wpcf7-form-control wpcf7-email wpcf7-validates-as-required wpcf7-text wpcf7-validates-as-email\" aria-required=\"true\" aria-invalid=\"false\" value=\"\" type=\"email\" name=\"your-email\" \/><\/span>\n<\/p>\n<p style=\"font-size:14pt;\">Betreff\n<\/p>\n<p><span class=\"wpcf7-form-control-wrap\" data-name=\"your-subject\"><input size=\"40\" maxlength=\"400\" class=\"wpcf7-form-control wpcf7-text\" aria-invalid=\"false\" value=\"\" type=\"text\" name=\"your-subject\" \/><\/span>\n<\/p>\n<p style=\"font-size:14pt;\">Ihre Nachricht\n<\/p>\n<p><span class=\"wpcf7-form-control-wrap\" data-name=\"your-message\"><textarea cols=\"40\" rows=\"10\" maxlength=\"2000\" class=\"wpcf7-form-control wpcf7-textarea\" aria-invalid=\"false\" name=\"your-message\"><\/textarea><\/span>\n<\/p>\n<p style=\"font-size:14pt;\"><input class=\"wpcf7-form-control wpcf7-submit has-spinner\" type=\"submit\" value=\"Senden\" \/>\n<\/p>\n<p><span class=\"wpcf7-form-control-wrap kc_captcha cf7ic-toggle\" data-name=\"kc_captcha\"><span class=\"wpcf7-form-control wpcf7-radio\"><span class=\"captcha-image\" style=\"display: none;\"><span class=\"cf7ic_instructions\">Bitte beweise, dass du kein Spambot bist und w\u00e4hle das Symbol<span> LKW<\/span>.<\/span><label><input type=\"radio\" name=\"kc_captcha\" value=\"bot\" \/><svg width=\"50\" height=\"50\" aria-hidden=\"true\" role=\"img\" xmlns=\"http:\/\/www.w3.org\/2000\/svg\" viewBox=\"0 0 576 512\"><path fill=\"currentColor\" d=\"M415 24c-53 0-103 42-127 65-24-23-74-65-127-65C70 24 16 77 16 166c0 72 67 133 69 135l187 181c9 8 23 8 32 0l187-180c2-3 69-64 69-136 0-89-54-142-145-142z\"\/><\/svg><\/label><label><input type=\"radio\" name=\"kc_captcha\" value=\"bot\" \/><svg width=\"50\" height=\"50\" aria-hidden=\"true\" role=\"img\" xmlns=\"http:\/\/www.w3.org\/2000\/svg\" viewBox=\"0 0 576 512\"><path fill=\"currentColor\" d=\"M259 18l-65 132-146 22c-26 3-37 36-18 54l106 103-25 146c-5 26 23 46 46 33l131-68 131 68c23 13 51-7 46-33l-25-146 106-103c19-18 8-51-18-54l-146-22-65-132a32 32 0 00-58 0z\"\/><\/svg><\/label><label><input type=\"radio\" name=\"kc_captcha\" value=\"kc_human\" \/><svg width=\"50\" height=\"50\" aria-hidden=\"true\" role=\"img\" xmlns=\"http:\/\/www.w3.org\/2000\/svg\" viewBox=\"0 0 640 512\"><path fill=\"currentColor\" d=\"M624 352h-16V244c0-13-5-25-14-34L494 110c-9-9-21-14-34-14h-44V48c0-26-21-48-48-48H48C22 0 0 22 0 48v320c0 27 22 48 48 48h16a96 96 0 00192 0h128a96 96 0 00192 0h48c9 0 16-7 16-16v-32c0-9-7-16-16-16zM160 464a48 48 0 110-96 48 48 0 010 96zm320 0a48 48 0 110-96 48 48 0 010 96zm80-208H416V144h44l100 100v12z\"\/><\/svg><\/label>\r\n    <\/span>\r\n    <span style=\"display:none\">\r\n        <input type=\"text\" name=\"kc_honeypot\">\r\n    <\/span><\/span><\/span>\n<\/p>\n<p>Mit Absenden dieser Anfrage erkl\u00e4ren Sie sich damit einverstanden, dass ihre pers\u00f6nlichen Daten zwecks voll umf\u00e4nglicher Bearbeitung der Anfrage gespeichert werden. Sobald der Zweck der Datenspeicherung entf\u00e4llt, werden Ihre Daten gel\u00f6scht. Zudem k\u00f6nnen Sie Ihre Einwilligung jederzeit unter info@mein-frauenarzt-in-berlin.de widerrufen. Mehr erfahren Sie in unserer <a href=\"\/datenschutzbestimmungen\/\">Datenschutzerkl\u00e4rung<\/a>.\n<\/p><div class=\"wpcf7-response-output\" aria-hidden=\"true\"><\/div>\n<\/form>\n<\/div>\n\n<\/li><!-- -->\n<li class=\"g1-column g1-one-third g1-valign-top\">\n<p><span style=\"font-size: 22pt; font-family: verdana,geneva,sans-serif;\"><span style=\"color: #e81700;\">Anfahrt<\/span><\/span><\/p>\n<p><span style=\"color: #808080;\"><strong><span style=\"font-size: 12pt; font-family: verdana,geneva,sans-serif;\"><span style=\"font-size: 12pt;\">in die Ringbahnstra\u00dfe 3,<br \/>\n10711 Berlin<br \/>\nCharlottenburg-Wilmersdorf<\/span><\/span><\/strong><\/span><\/p>\n<ul>\n<li><span style=\"font-size: 12pt; font-family: verdana,geneva,sans-serif; color: #ff0000;\"><strong>mit der S-Bahn:<\/strong> <\/span><br \/>\n<span style=\"color: #808080;\"> <span style=\"font-size: 12pt; font-family: verdana,geneva,sans-serif;\"><span style=\"font-size: 12pt; font-family: verdana,geneva,sans-serif;\"> <span style=\"font-size: 12pt;\">S-Bahnhof &#171;Halensee&#187;<br \/>\n(1 Min. Fu\u00dfweg):<br \/>\n<strong>S41\/S42<\/strong> (Ringbahn),<\/span><\/span><\/span><br \/>\n<\/span><\/li>\n<li><span style=\"color: #808080;\"><strong><span style=\"font-family: verdana,geneva,sans-serif;\"><span style=\"font-size: 12pt; color: #ff0000;\">mit dem Bus:<\/span><br \/>\n<\/span><\/strong><span style=\"font-size: 12pt; font-family: verdana,geneva,sans-serif;\"><span style=\"font-size: 12pt; font-family: verdana,geneva,sans-serif;\"><span style=\"font-size: 12pt;\">Bus-Haltestelle &#171;Halensee&#187;<br \/>\n(80 m Fu\u00dfweg):<br \/>\n<strong>X10, 104, M19, M29,<\/strong><\/span><\/span><\/span><\/span><\/li>\n<li><span style=\"color: #ff0000;\"><strong><span style=\"font-family: verdana,geneva,sans-serif; font-size: 12pt;\">mit dem Auto:<\/span><\/strong><\/span><br \/>\n<span style=\"font-family: verdana,geneva,sans-serif; font-size: 12pt; color: #808080;\"> Autobahn <strong>A100,<\/strong><\/span><br \/>\n<span style=\"font-family: verdana,geneva,sans-serif; font-size: 12pt; color: #808080;\"> Abfahrt: Kurf\u00fcrstendamm<\/span><\/li>\n<\/ul>\n<p><span style=\"font-size: 12pt; font-family: verdana,geneva,sans-serif; color: #333333;\"><br \/>\n<\/span><\/p>\n<\/li><!-- --><\/ul>\n","protected":false},"excerpt":{"rendered":"","protected":false},"author":1,"featured_media":0,"parent":0,"menu_order":0,"comment_status":"closed","ping_status":"closed","template":"","meta":{"footnotes":""},"class_list":["post-990","page","type-page","status-publish"],"yoast_head":"<!-- This site is optimized with the Yoast SEO plugin v23.2 - https:\/\/yoast.com\/wordpress\/plugins\/seo\/ -->\n<title>Kontakt-RU - Praxis Facharzt B. Myndiuk<\/title>\n<meta name=\"robots\" content=\"index, follow, max-snippet:-1, max-image-preview:large, max-video-preview:-1\" \/>\n<link rel=\"canonical\" href=\"https:\/\/mein-frauenarzt-in-berlin.de\/ru\/kontakt-ru\/\" \/>\n<meta property=\"og:locale\" content=\"ru_RU\" \/>\n<meta property=\"og:type\" content=\"article\" \/>\n<meta property=\"og:title\" content=\"Kontakt-RU - Praxis Facharzt B. Myndiuk\" \/>\n<meta property=\"og:url\" content=\"https:\/\/mein-frauenarzt-in-berlin.de\/ru\/kontakt-ru\/\" \/>\n<meta property=\"og:site_name\" content=\"Praxis Facharzt B. Myndiuk\" \/>\n<meta name=\"twitter:card\" content=\"summary_large_image\" \/>\n<script type=\"application\/ld+json\" class=\"yoast-schema-graph\">{\"@context\":\"https:\/\/schema.org\",\"@graph\":[{\"@type\":\"WebPage\",\"@id\":\"https:\/\/mein-frauenarzt-in-berlin.de\/ru\/kontakt-ru\/\",\"url\":\"https:\/\/mein-frauenarzt-in-berlin.de\/ru\/kontakt-ru\/\",\"name\":\"Kontakt-RU - Praxis Facharzt B. Myndiuk\",\"isPartOf\":{\"@id\":\"https:\/\/mein-frauenarzt-in-berlin.de\/ru\/#website\"},\"datePublished\":\"2016-10-13T12:22:54+00:00\",\"dateModified\":\"2016-10-13T12:22:54+00:00\",\"breadcrumb\":{\"@id\":\"https:\/\/mein-frauenarzt-in-berlin.de\/ru\/kontakt-ru\/#breadcrumb\"},\"inLanguage\":\"ru-RU\",\"potentialAction\":[{\"@type\":\"ReadAction\",\"target\":[\"https:\/\/mein-frauenarzt-in-berlin.de\/ru\/kontakt-ru\/\"]}]},{\"@type\":\"BreadcrumbList\",\"@id\":\"https:\/\/mein-frauenarzt-in-berlin.de\/ru\/kontakt-ru\/#breadcrumb\",\"itemListElement\":[{\"@type\":\"ListItem\",\"position\":1,\"name\":\"Startseite\",\"item\":\"https:\/\/mein-frauenarzt-in-berlin.de\/ru\/\"},{\"@type\":\"ListItem\",\"position\":2,\"name\":\"Kontakt-RU\"}]},{\"@type\":\"WebSite\",\"@id\":\"https:\/\/mein-frauenarzt-in-berlin.de\/ru\/#website\",\"url\":\"https:\/\/mein-frauenarzt-in-berlin.de\/ru\/\",\"name\":\"Praxis Facharzt B. Myndiuk\",\"description\":\"Ihr Frauenarzt in Berlin\",\"potentialAction\":[{\"@type\":\"SearchAction\",\"target\":{\"@type\":\"EntryPoint\",\"urlTemplate\":\"https:\/\/mein-frauenarzt-in-berlin.de\/ru\/?s={search_term_string}\"},\"query-input\":\"required name=search_term_string\"}],\"inLanguage\":\"ru-RU\"}]}<\/script>\n<!-- \/ Yoast SEO plugin. -->","yoast_head_json":{"title":"Kontakt-RU - Praxis Facharzt B. Myndiuk","robots":{"index":"index","follow":"follow","max-snippet":"max-snippet:-1","max-image-preview":"max-image-preview:large","max-video-preview":"max-video-preview:-1"},"canonical":"https:\/\/mein-frauenarzt-in-berlin.de\/ru\/kontakt-ru\/","og_locale":"ru_RU","og_type":"article","og_title":"Kontakt-RU - Praxis Facharzt B. Myndiuk","og_url":"https:\/\/mein-frauenarzt-in-berlin.de\/ru\/kontakt-ru\/","og_site_name":"Praxis Facharzt B. Myndiuk","twitter_card":"summary_large_image","schema":{"@context":"https:\/\/schema.org","@graph":[{"@type":"WebPage","@id":"https:\/\/mein-frauenarzt-in-berlin.de\/ru\/kontakt-ru\/","url":"https:\/\/mein-frauenarzt-in-berlin.de\/ru\/kontakt-ru\/","name":"Kontakt-RU - Praxis Facharzt B. Myndiuk","isPartOf":{"@id":"https:\/\/mein-frauenarzt-in-berlin.de\/ru\/#website"},"datePublished":"2016-10-13T12:22:54+00:00","dateModified":"2016-10-13T12:22:54+00:00","breadcrumb":{"@id":"https:\/\/mein-frauenarzt-in-berlin.de\/ru\/kontakt-ru\/#breadcrumb"},"inLanguage":"ru-RU","potentialAction":[{"@type":"ReadAction","target":["https:\/\/mein-frauenarzt-in-berlin.de\/ru\/kontakt-ru\/"]}]},{"@type":"BreadcrumbList","@id":"https:\/\/mein-frauenarzt-in-berlin.de\/ru\/kontakt-ru\/#breadcrumb","itemListElement":[{"@type":"ListItem","position":1,"name":"Startseite","item":"https:\/\/mein-frauenarzt-in-berlin.de\/ru\/"},{"@type":"ListItem","position":2,"name":"Kontakt-RU"}]},{"@type":"WebSite","@id":"https:\/\/mein-frauenarzt-in-berlin.de\/ru\/#website","url":"https:\/\/mein-frauenarzt-in-berlin.de\/ru\/","name":"Praxis Facharzt B. Myndiuk","description":"Ihr Frauenarzt in Berlin","potentialAction":[{"@type":"SearchAction","target":{"@type":"EntryPoint","urlTemplate":"https:\/\/mein-frauenarzt-in-berlin.de\/ru\/?s={search_term_string}"},"query-input":"required name=search_term_string"}],"inLanguage":"ru-RU"}]}},"_links":{"self":[{"href":"https:\/\/mein-frauenarzt-in-berlin.de\/ru\/wp-json\/wp\/v2\/pages\/990"}],"collection":[{"href":"https:\/\/mein-frauenarzt-in-berlin.de\/ru\/wp-json\/wp\/v2\/pages"}],"about":[{"href":"https:\/\/mein-frauenarzt-in-berlin.de\/ru\/wp-json\/wp\/v2\/types\/page"}],"author":[{"embeddable":true,"href":"https:\/\/mein-frauenarzt-in-berlin.de\/ru\/wp-json\/wp\/v2\/users\/1"}],"replies":[{"embeddable":true,"href":"https:\/\/mein-frauenarzt-in-berlin.de\/ru\/wp-json\/wp\/v2\/comments?post=990"}],"version-history":[{"count":1,"href":"https:\/\/mein-frauenarzt-in-berlin.de\/ru\/wp-json\/wp\/v2\/pages\/990\/revisions"}],"predecessor-version":[{"id":991,"href":"https:\/\/mein-frauenarzt-in-berlin.de\/ru\/wp-json\/wp\/v2\/pages\/990\/revisions\/991"}],"wp:attachment":[{"href":"https:\/\/mein-frauenarzt-in-berlin.de\/ru\/wp-json\/wp\/v2\/media?parent=990"}],"curies":[{"name":"wp","href":"https:\/\/api.w.org\/{rel}","templated":true}]}}