{"id":675,"date":"2016-08-22T14:51:20","date_gmt":"2016-08-22T12:51:20","guid":{"rendered":"http:\/\/mein-frauenarzt-in-berlin.de\/ru\/?page_id=675"},"modified":"2016-08-22T14:51:20","modified_gmt":"2016-08-22T12:51:20","slug":"schwangerschaft","status":"publish","type":"page","link":"https:\/\/mein-frauenarzt-in-berlin.de\/ru\/schwangerschaft\/","title":{"rendered":"Schwangerschaft"},"content":{"rendered":"<p style=\"text-align: justify;\"><img loading=\"lazy\" decoding=\"async\" class=\"size-medium wp-image-186 alignright\" src=\"https:\/\/mein-frauenarzt-in-berlin.de\/wp-content\/uploads\/2016\/05\/photodune-1126941-pregnant-woman-s-e1463757758850-300x265.jpg\" alt=\"Pregnant woman touching her belly with hands\" width=\"300\" height=\"265\" srcset=\"https:\/\/mein-frauenarzt-in-berlin.de\/wp-content\/uploads\/2016\/05\/photodune-1126941-pregnant-woman-s-e1463757758850-300x265.jpg 300w, https:\/\/mein-frauenarzt-in-berlin.de\/wp-content\/uploads\/2016\/05\/photodune-1126941-pregnant-woman-s-e1463757758850-636x562.jpg 636w, https:\/\/mein-frauenarzt-in-berlin.de\/wp-content\/uploads\/2016\/05\/photodune-1126941-pregnant-woman-s-e1463757758850-320x283.jpg 320w, https:\/\/mein-frauenarzt-in-berlin.de\/wp-content\/uploads\/2016\/05\/photodune-1126941-pregnant-woman-s-e1463757758850-239x211.jpg 239w, https:\/\/mein-frauenarzt-in-berlin.de\/wp-content\/uploads\/2016\/05\/photodune-1126941-pregnant-woman-s-e1463757758850.jpg 714w\" sizes=\"(max-width: 300px) 100vw, 300px\" \/><span style=\"font-size: 12pt; font-family: verdana, geneva, sans-serif;\">Mit meiner Erfahrung als Oberarzt in Kliniken in Berlin und N\u00fcrnberg wei\u00df ich, dass die Schwangerschaft nicht nur eine k\u00f6rperliche, sondern auch eine mentale Herausforderung ist.<\/span><\/p>\n<p style=\"text-align: justify;\"><span style=\"font-size: 12pt; font-family: verdana, geneva, sans-serif;\">Sie k\u00f6nnen sich dar\u00fcber hinaus aufgrund meines reichhaltigen Erfahrungsschatzes als Frauenarzt und unserem ganzheitlichen Angebot\u00a0sicher sein, in unserer Praxis medizinisch und f\u00fcrsorglich in besten H\u00e4nden zu sein.\u00a0<\/span><\/p>\n<h3><span style=\"font-family: verdana, geneva, sans-serif;\">Basis-Leistungen in der Schwangerschaft<span style=\"font-size: 12pt;\"><u><br \/>\n<\/u><\/span><\/span><\/h3>\n<p><span style=\"font-size: 12pt; font-family: verdana, geneva, sans-serif;\"> Die Mutterschaftsrichtlinien der Gesetzlichen Krankenkassen schreiben drei Ultraschall- Routineuntersuchungen in der Schwangerschaft vor:<br \/>\n<\/span><br \/>\n<span style=\"font-size: 12pt; font-family: verdana, geneva, sans-serif;\"> 1. Screening in der 9.-12. Schwangerschaftswoche (SSW)<\/span><br \/>\n<span style=\"font-size: 12pt; font-family: verdana, geneva, sans-serif;\"> 2. Screening in der 19.-22. SSW<\/span><br \/>\n<span style=\"font-size: 12pt; font-family: verdana, geneva, sans-serif;\"> 3. Screening in der 29.-32. SSW<\/span><\/p>\n<figure id=\"g1-quote-1\" class=\"g1-quote g1-quote--solid g1-quote--medium \" ><div class=\"g1-inner\">\n<p>Mit meiner Erfahrung als Oberarzt in Kliniken in Berlin und N\u00fcrnberg wei\u00df ich, dass die Schwangerschaft nicht nur eine k\u00f6rperliche, sondern auch eine mentale Herausforderung ist. Sie k\u00f6nnen sich sicher sein, vom Anfang bis Ende der Schwangerschaft in unser Praxis medizinisch und f\u00fcrsorglich in besten H\u00e4nden zu sein.<\/p>\n<\/div><figcaption class=\"g1-meta\"><img loading=\"lazy\" decoding=\"async\" src=\"https:\/\/mein-frauenarzt-in-berlin.de\/wp-content\/uploads\/2016\/05\/Bogdan-Myndiuk-Kreis.png\" width=\"40\" height=\"40\" alt=\"Author&#039;s image\"\/><strong>Bogdan Myndiuk<\/strong><span>Facharzt f\u00fcr Gyn\u00e4kologie<\/span><\/figcaption><\/figure>\n<div id=\"g1-divider-1\" class=\"g1-divider g1-divider--none g1-divider--noicon \"><\/div>\n<div id=\"g1-toggle-counter-1\" class=\"g1-toggle g1-toggle--off g1-toggle--simple g1-toggle--noicon g1-block-custom\" ><div class=\"g1-toggle__title\">Toxoplasmose-Test <\/div><div class=\"g1-toggle__content\"><div class=\"g1-block\">\n<p>Die Toxoplasmose ist eine Infektionskrankheit, bei der die Ansteckung oft durch Kontakt mit Katzen erfolgt. Infiziert sich eine Frau erstmalig w\u00e4hrend der Schwangerschaft, besteht die Gefahr, dass sich der Erreger auf das Kind \u00fcbertr\u00e4gt. In besonders schweren F\u00e4llen kann dies geistige und k\u00f6rperliche Behinderungen verursachen. Durch eine Blutentnahme zu Beginn der Schwangerschaft k\u00f6nnen wir feststellen, ob bereits Antik\u00f6rper gegen Toxoplasmose gebildet wurden.<\/p>\n<\/div><\/div><\/div>\n<div id=\"g1-toggle-counter-2\" class=\"g1-toggle g1-toggle--off g1-toggle--simple g1-toggle--noicon g1-block-custom\" ><div class=\"g1-toggle__title\">Progress 1<\/div><div class=\"g1-toggle__content\"><div class=\"g1-block\">\n<\/div><\/div><\/div>\n<div id=\"g1-toggle-counter-3\" class=\"g1-toggle g1-toggle--off g1-toggle--simple g1-toggle--noicon g1-block-custom\" ><div class=\"g1-toggle__title\">Progress 2<\/div><div class=\"g1-toggle__content\"><div class=\"g1-block\">\n<\/div><\/div><\/div>\n","protected":false},"excerpt":{"rendered":"<p>Mit meiner Erfahrung als Oberarzt in Kliniken in Berlin und N\u00fcrnberg wei\u00df ich, dass die Schwangerschaft nicht nur eine k\u00f6rperliche, sondern auch eine mentale Herausforderung ist. Sie k\u00f6nnen sich dar\u00fcber hinaus aufgrund meines reichhaltigen Erfahrungsschatzes als Frauenarzt und unserem ganzheitlichen Angebot\u00a0sicher sein, in unserer Praxis medizinisch und f\u00fcrsorglich in besten H\u00e4nden zu sein.\u00a0 Basis-Leistungen in [&hellip;]<\/p>\n","protected":false},"author":1,"featured_media":0,"parent":0,"menu_order":0,"comment_status":"closed","ping_status":"closed","template":"g1_template_page_full.php","meta":{"footnotes":""},"class_list":["post-675","page","type-page","status-publish"],"yoast_head":"<!-- This site is optimized with the Yoast SEO plugin v23.2 - https:\/\/yoast.com\/wordpress\/plugins\/seo\/ -->\n<title>Schwangerschaft - Praxis Facharzt B. Myndiuk<\/title>\n<meta name=\"robots\" content=\"index, follow, max-snippet:-1, max-image-preview:large, max-video-preview:-1\" \/>\n<link rel=\"canonical\" href=\"https:\/\/mein-frauenarzt-in-berlin.de\/ru\/schwangerschaft\/\" \/>\n<meta property=\"og:locale\" content=\"ru_RU\" \/>\n<meta property=\"og:type\" content=\"article\" \/>\n<meta property=\"og:title\" content=\"Schwangerschaft - Praxis Facharzt B. Myndiuk\" \/>\n<meta property=\"og:description\" content=\"Mit meiner Erfahrung als Oberarzt in Kliniken in Berlin und N\u00fcrnberg wei\u00df ich, dass die Schwangerschaft nicht nur eine k\u00f6rperliche, sondern auch eine mentale Herausforderung ist. Sie k\u00f6nnen sich dar\u00fcber hinaus aufgrund meines reichhaltigen Erfahrungsschatzes als Frauenarzt und unserem ganzheitlichen Angebot\u00a0sicher sein, in unserer Praxis medizinisch und f\u00fcrsorglich in besten H\u00e4nden zu sein.\u00a0 Basis-Leistungen in [&hellip;]\" \/>\n<meta property=\"og:url\" content=\"https:\/\/mein-frauenarzt-in-berlin.de\/ru\/schwangerschaft\/\" \/>\n<meta property=\"og:site_name\" content=\"Praxis Facharzt B. Myndiuk\" \/>\n<meta property=\"og:image\" content=\"https:\/\/mein-frauenarzt-in-berlin.de\/wp-content\/uploads\/2016\/05\/photodune-1126941-pregnant-woman-s-e1463757758850-300x265.jpg\" \/>\n<meta name=\"twitter:card\" content=\"summary_large_image\" \/>\n<meta name=\"twitter:label1\" content=\"\u041f\u0440\u0438\u043c\u0435\u0440\u043d\u043e\u0435 \u0432\u0440\u0435\u043c\u044f \u0434\u043b\u044f \u0447\u0442\u0435\u043d\u0438\u044f\" \/>\n\t<meta name=\"twitter:data1\" content=\"1 \u043c\u0438\u043d\u0443\u0442\u0430\" \/>\n<script type=\"application\/ld+json\" class=\"yoast-schema-graph\">{\"@context\":\"https:\/\/schema.org\",\"@graph\":[{\"@type\":\"WebPage\",\"@id\":\"https:\/\/mein-frauenarzt-in-berlin.de\/ru\/schwangerschaft\/\",\"url\":\"https:\/\/mein-frauenarzt-in-berlin.de\/ru\/schwangerschaft\/\",\"name\":\"Schwangerschaft - Praxis Facharzt B. Myndiuk\",\"isPartOf\":{\"@id\":\"https:\/\/mein-frauenarzt-in-berlin.de\/ru\/#website\"},\"primaryImageOfPage\":{\"@id\":\"https:\/\/mein-frauenarzt-in-berlin.de\/ru\/schwangerschaft\/#primaryimage\"},\"image\":{\"@id\":\"https:\/\/mein-frauenarzt-in-berlin.de\/ru\/schwangerschaft\/#primaryimage\"},\"thumbnailUrl\":\"https:\/\/mein-frauenarzt-in-berlin.de\/wp-content\/uploads\/2016\/05\/photodune-1126941-pregnant-woman-s-e1463757758850-300x265.jpg\",\"datePublished\":\"2016-08-22T12:51:20+00:00\",\"dateModified\":\"2016-08-22T12:51:20+00:00\",\"breadcrumb\":{\"@id\":\"https:\/\/mein-frauenarzt-in-berlin.de\/ru\/schwangerschaft\/#breadcrumb\"},\"inLanguage\":\"ru-RU\",\"potentialAction\":[{\"@type\":\"ReadAction\",\"target\":[\"https:\/\/mein-frauenarzt-in-berlin.de\/ru\/schwangerschaft\/\"]}]},{\"@type\":\"ImageObject\",\"inLanguage\":\"ru-RU\",\"@id\":\"https:\/\/mein-frauenarzt-in-berlin.de\/ru\/schwangerschaft\/#primaryimage\",\"url\":\"https:\/\/mein-frauenarzt-in-berlin.de\/wp-content\/uploads\/2016\/05\/photodune-1126941-pregnant-woman-s-e1463757758850-300x265.jpg\",\"contentUrl\":\"https:\/\/mein-frauenarzt-in-berlin.de\/wp-content\/uploads\/2016\/05\/photodune-1126941-pregnant-woman-s-e1463757758850-300x265.jpg\"},{\"@type\":\"BreadcrumbList\",\"@id\":\"https:\/\/mein-frauenarzt-in-berlin.de\/ru\/schwangerschaft\/#breadcrumb\",\"itemListElement\":[{\"@type\":\"ListItem\",\"position\":1,\"name\":\"Startseite\",\"item\":\"https:\/\/mein-frauenarzt-in-berlin.de\/ru\/\"},{\"@type\":\"ListItem\",\"position\":2,\"name\":\"Schwangerschaft\"}]},{\"@type\":\"WebSite\",\"@id\":\"https:\/\/mein-frauenarzt-in-berlin.de\/ru\/#website\",\"url\":\"https:\/\/mein-frauenarzt-in-berlin.de\/ru\/\",\"name\":\"Praxis Facharzt B. Myndiuk\",\"description\":\"Ihr Frauenarzt in Berlin\",\"potentialAction\":[{\"@type\":\"SearchAction\",\"target\":{\"@type\":\"EntryPoint\",\"urlTemplate\":\"https:\/\/mein-frauenarzt-in-berlin.de\/ru\/?s={search_term_string}\"},\"query-input\":\"required name=search_term_string\"}],\"inLanguage\":\"ru-RU\"}]}<\/script>\n<!-- \/ Yoast SEO plugin. -->","yoast_head_json":{"title":"Schwangerschaft - Praxis Facharzt B. Myndiuk","robots":{"index":"index","follow":"follow","max-snippet":"max-snippet:-1","max-image-preview":"max-image-preview:large","max-video-preview":"max-video-preview:-1"},"canonical":"https:\/\/mein-frauenarzt-in-berlin.de\/ru\/schwangerschaft\/","og_locale":"ru_RU","og_type":"article","og_title":"Schwangerschaft - Praxis Facharzt B. Myndiuk","og_description":"Mit meiner Erfahrung als Oberarzt in Kliniken in Berlin und N\u00fcrnberg wei\u00df ich, dass die Schwangerschaft nicht nur eine k\u00f6rperliche, sondern auch eine mentale Herausforderung ist. Sie k\u00f6nnen sich dar\u00fcber hinaus aufgrund meines reichhaltigen Erfahrungsschatzes als Frauenarzt und unserem ganzheitlichen Angebot\u00a0sicher sein, in unserer Praxis medizinisch und f\u00fcrsorglich in besten H\u00e4nden zu sein.\u00a0 Basis-Leistungen in [&hellip;]","og_url":"https:\/\/mein-frauenarzt-in-berlin.de\/ru\/schwangerschaft\/","og_site_name":"Praxis Facharzt B. Myndiuk","og_image":[{"url":"https:\/\/mein-frauenarzt-in-berlin.de\/wp-content\/uploads\/2016\/05\/photodune-1126941-pregnant-woman-s-e1463757758850-300x265.jpg"}],"twitter_card":"summary_large_image","twitter_misc":{"\u041f\u0440\u0438\u043c\u0435\u0440\u043d\u043e\u0435 \u0432\u0440\u0435\u043c\u044f \u0434\u043b\u044f \u0447\u0442\u0435\u043d\u0438\u044f":"1 \u043c\u0438\u043d\u0443\u0442\u0430"},"schema":{"@context":"https:\/\/schema.org","@graph":[{"@type":"WebPage","@id":"https:\/\/mein-frauenarzt-in-berlin.de\/ru\/schwangerschaft\/","url":"https:\/\/mein-frauenarzt-in-berlin.de\/ru\/schwangerschaft\/","name":"Schwangerschaft - Praxis Facharzt B. Myndiuk","isPartOf":{"@id":"https:\/\/mein-frauenarzt-in-berlin.de\/ru\/#website"},"primaryImageOfPage":{"@id":"https:\/\/mein-frauenarzt-in-berlin.de\/ru\/schwangerschaft\/#primaryimage"},"image":{"@id":"https:\/\/mein-frauenarzt-in-berlin.de\/ru\/schwangerschaft\/#primaryimage"},"thumbnailUrl":"https:\/\/mein-frauenarzt-in-berlin.de\/wp-content\/uploads\/2016\/05\/photodune-1126941-pregnant-woman-s-e1463757758850-300x265.jpg","datePublished":"2016-08-22T12:51:20+00:00","dateModified":"2016-08-22T12:51:20+00:00","breadcrumb":{"@id":"https:\/\/mein-frauenarzt-in-berlin.de\/ru\/schwangerschaft\/#breadcrumb"},"inLanguage":"ru-RU","potentialAction":[{"@type":"ReadAction","target":["https:\/\/mein-frauenarzt-in-berlin.de\/ru\/schwangerschaft\/"]}]},{"@type":"ImageObject","inLanguage":"ru-RU","@id":"https:\/\/mein-frauenarzt-in-berlin.de\/ru\/schwangerschaft\/#primaryimage","url":"https:\/\/mein-frauenarzt-in-berlin.de\/wp-content\/uploads\/2016\/05\/photodune-1126941-pregnant-woman-s-e1463757758850-300x265.jpg","contentUrl":"https:\/\/mein-frauenarzt-in-berlin.de\/wp-content\/uploads\/2016\/05\/photodune-1126941-pregnant-woman-s-e1463757758850-300x265.jpg"},{"@type":"BreadcrumbList","@id":"https:\/\/mein-frauenarzt-in-berlin.de\/ru\/schwangerschaft\/#breadcrumb","itemListElement":[{"@type":"ListItem","position":1,"name":"Startseite","item":"https:\/\/mein-frauenarzt-in-berlin.de\/ru\/"},{"@type":"ListItem","position":2,"name":"Schwangerschaft"}]},{"@type":"WebSite","@id":"https:\/\/mein-frauenarzt-in-berlin.de\/ru\/#website","url":"https:\/\/mein-frauenarzt-in-berlin.de\/ru\/","name":"Praxis Facharzt B. Myndiuk","description":"Ihr Frauenarzt in Berlin","potentialAction":[{"@type":"SearchAction","target":{"@type":"EntryPoint","urlTemplate":"https:\/\/mein-frauenarzt-in-berlin.de\/ru\/?s={search_term_string}"},"query-input":"required name=search_term_string"}],"inLanguage":"ru-RU"}]}},"_links":{"self":[{"href":"https:\/\/mein-frauenarzt-in-berlin.de\/ru\/wp-json\/wp\/v2\/pages\/675"}],"collection":[{"href":"https:\/\/mein-frauenarzt-in-berlin.de\/ru\/wp-json\/wp\/v2\/pages"}],"about":[{"href":"https:\/\/mein-frauenarzt-in-berlin.de\/ru\/wp-json\/wp\/v2\/types\/page"}],"author":[{"embeddable":true,"href":"https:\/\/mein-frauenarzt-in-berlin.de\/ru\/wp-json\/wp\/v2\/users\/1"}],"replies":[{"embeddable":true,"href":"https:\/\/mein-frauenarzt-in-berlin.de\/ru\/wp-json\/wp\/v2\/comments?post=675"}],"version-history":[{"count":1,"href":"https:\/\/mein-frauenarzt-in-berlin.de\/ru\/wp-json\/wp\/v2\/pages\/675\/revisions"}],"predecessor-version":[{"id":676,"href":"https:\/\/mein-frauenarzt-in-berlin.de\/ru\/wp-json\/wp\/v2\/pages\/675\/revisions\/676"}],"wp:attachment":[{"href":"https:\/\/mein-frauenarzt-in-berlin.de\/ru\/wp-json\/wp\/v2\/media?parent=675"}],"curies":[{"name":"wp","href":"https:\/\/api.w.org\/{rel}","templated":true}]}}