{"id":669,"date":"2016-08-22T14:42:11","date_gmt":"2016-08-22T12:42:11","guid":{"rendered":"http:\/\/mein-frauenarzt-in-berlin.de\/ru\/?page_id=669"},"modified":"2016-08-22T14:42:11","modified_gmt":"2016-08-22T12:42:11","slug":"ihr-frauenarzt-bogdan-myndiuk","status":"publish","type":"page","link":"https:\/\/mein-frauenarzt-in-berlin.de\/ru\/ihr-praxis-team\/ihr-frauenarzt-bogdan-myndiuk\/","title":{"rendered":"Ihr Frauenarzt &#8212; Bogdan Myndiuk"},"content":{"rendered":"<ul class=\"g1-grid\"><li class=\"g1-column g1-one-third g1-valign-top\">\n<p><img loading=\"lazy\" decoding=\"async\" class=\"size-full wp-image-236 aligncenter\" src=\"https:\/\/mein-frauenarzt-in-berlin.de\/wp-content\/uploads\/2016\/05\/Bogdan-Myndiuk-Kreis.png\" alt=\"Bogdan Myndiuk Kreis\" width=\"257\" height=\"257\" srcset=\"https:\/\/mein-frauenarzt-in-berlin.de\/wp-content\/uploads\/2016\/05\/Bogdan-Myndiuk-Kreis.png 257w, https:\/\/mein-frauenarzt-in-berlin.de\/wp-content\/uploads\/2016\/05\/Bogdan-Myndiuk-Kreis-150x150.png 150w, https:\/\/mein-frauenarzt-in-berlin.de\/wp-content\/uploads\/2016\/05\/Bogdan-Myndiuk-Kreis-239x239.png 239w, https:\/\/mein-frauenarzt-in-berlin.de\/wp-content\/uploads\/2016\/05\/Bogdan-Myndiuk-Kreis-55x55.png 55w\" sizes=\"(max-width: 257px) 100vw, 257px\" \/><\/p>\n<\/li><!-- -->\n<li class=\"g1-column g1-two-third g1-valign-top\">\n<div id=\"g1-box-counter-1\" class=\"g1-box g1-box--simple  g1-box--noicon\" ><div class=\"g1-box__inner\">\n<h2><span style=\"font-family: verdana, geneva, sans-serif;\">Vita<\/span><\/h2>\n<ul>\n<li><span style=\"font-family: verdana, geneva, sans-serif; font-size: 12pt;\"><strong>2001<\/strong> <strong>Approbation<\/strong> <strong>als Arzt<\/strong>, erteilt durch die Regierung von Oberbayern, M\u00fcnchen<\/span><\/li>\n<\/ul>\n<ul>\n<li><span style=\"font-family: verdana, geneva, sans-serif; font-size: 12pt;\"><strong>2001 &#8212; 2004<\/strong> <strong>Assistenzarzt<\/strong>, Chirurgische \/ Unfallchirurgische Klinik, St.-Theresien-Krankenhaus, N\u00fcrnberg<\/span><\/li>\n<\/ul>\n<ul>\n<li><span style=\"font-family: verdana, geneva, sans-serif; font-size: 12pt;\"><strong>2004 &#8212; 2009 Assistenzarzt<\/strong>, Gyn\u00e4kologisch-Geburtshilfliche Abteilung, Klinikum Hallerwiese, N\u00fcrnberg<\/span><\/li>\n<\/ul>\n<ul>\n<li><span style=\"font-family: verdana, geneva, sans-serif; font-size: 12pt;\"><strong>2009 Anerkennung als Facharzt<\/strong> f\u00fcr Gyn\u00e4kologie und Geburtshilfe durch die Bayerische Landes\u00e4rztekammer, M\u00fcnchen<\/span><\/li>\n<\/ul>\n<ul>\n<li><span style=\"font-family: verdana, geneva, sans-serif; font-size: 12pt;\"><strong>2009 &#8212; 2011 Oberarzt<\/strong>, Gyn\u00e4kologisch-Geburtshilfliche Abteilung, Klinikum Hallerwiese, N\u00fcrnberg<\/span><\/li>\n<\/ul>\n<ul>\n<li><span style=\"font-family: verdana, geneva, sans-serif; font-size: 12pt;\"><strong>2011 &#8212; 2016 Oberarzt<\/strong>, Gyn\u00e4kologische Klinik, Klinikum Neuk\u00f6lln, Berlin<\/span><\/li>\n<\/ul>\n<ul>\n<li><span style=\"font-size: 12pt; font-family: verdana, geneva, sans-serif;\"><strong>2012 &#8212; 2013 Ober\u00e4rztliche Bereitschaftsdienste<\/strong>, Klinik f\u00fcr Geburtsmedizin, Klinikum Neuk\u00f6lln, Berlin <\/span><\/li>\n<\/ul>\n<ul>\n<li><span style=\"font-size: 12pt; font-family: verdana, geneva, sans-serif;\"><span style=\"font-family: verdana, geneva, sans-serif;\"><strong>2016 Niederlassung<\/strong> in der Ringbahnstr. 3 in Berlin Charlottenburg-Wilmersdorf<\/span><\/span><\/li>\n<\/ul>\n<\/div><\/div>\n<\/li><!-- --><\/ul>\n","protected":false},"excerpt":{"rendered":"","protected":false},"author":1,"featured_media":0,"parent":659,"menu_order":0,"comment_status":"closed","ping_status":"closed","template":"","meta":{"footnotes":""},"class_list":["post-669","page","type-page","status-publish"],"yoast_head":"<!-- This site is optimized with the Yoast SEO plugin v23.2 - https:\/\/yoast.com\/wordpress\/plugins\/seo\/ -->\n<title>Ihr Frauenarzt - Bogdan Myndiuk - Praxis Facharzt B. Myndiuk<\/title>\n<meta name=\"robots\" content=\"index, follow, max-snippet:-1, max-image-preview:large, max-video-preview:-1\" \/>\n<link rel=\"canonical\" href=\"https:\/\/mein-frauenarzt-in-berlin.de\/ru\/ihr-praxis-team\/ihr-frauenarzt-bogdan-myndiuk\/\" \/>\n<meta property=\"og:locale\" content=\"ru_RU\" \/>\n<meta property=\"og:type\" content=\"article\" \/>\n<meta property=\"og:title\" content=\"Ihr Frauenarzt - Bogdan Myndiuk - Praxis Facharzt B. Myndiuk\" \/>\n<meta property=\"og:url\" content=\"https:\/\/mein-frauenarzt-in-berlin.de\/ru\/ihr-praxis-team\/ihr-frauenarzt-bogdan-myndiuk\/\" \/>\n<meta property=\"og:site_name\" content=\"Praxis Facharzt B. Myndiuk\" \/>\n<meta property=\"og:image\" content=\"https:\/\/mein-frauenarzt-in-berlin.de\/wp-content\/uploads\/2016\/05\/Bogdan-Myndiuk-Kreis.png\" \/>\n<meta name=\"twitter:card\" content=\"summary_large_image\" \/>\n<meta name=\"twitter:label1\" content=\"\u041f\u0440\u0438\u043c\u0435\u0440\u043d\u043e\u0435 \u0432\u0440\u0435\u043c\u044f \u0434\u043b\u044f \u0447\u0442\u0435\u043d\u0438\u044f\" \/>\n\t<meta name=\"twitter:data1\" content=\"1 \u043c\u0438\u043d\u0443\u0442\u0430\" \/>\n<script type=\"application\/ld+json\" class=\"yoast-schema-graph\">{\"@context\":\"https:\/\/schema.org\",\"@graph\":[{\"@type\":\"WebPage\",\"@id\":\"https:\/\/mein-frauenarzt-in-berlin.de\/ru\/ihr-praxis-team\/ihr-frauenarzt-bogdan-myndiuk\/\",\"url\":\"https:\/\/mein-frauenarzt-in-berlin.de\/ru\/ihr-praxis-team\/ihr-frauenarzt-bogdan-myndiuk\/\",\"name\":\"Ihr Frauenarzt - Bogdan Myndiuk - Praxis Facharzt B. Myndiuk\",\"isPartOf\":{\"@id\":\"https:\/\/mein-frauenarzt-in-berlin.de\/ru\/#website\"},\"primaryImageOfPage\":{\"@id\":\"https:\/\/mein-frauenarzt-in-berlin.de\/ru\/ihr-praxis-team\/ihr-frauenarzt-bogdan-myndiuk\/#primaryimage\"},\"image\":{\"@id\":\"https:\/\/mein-frauenarzt-in-berlin.de\/ru\/ihr-praxis-team\/ihr-frauenarzt-bogdan-myndiuk\/#primaryimage\"},\"thumbnailUrl\":\"https:\/\/mein-frauenarzt-in-berlin.de\/wp-content\/uploads\/2016\/05\/Bogdan-Myndiuk-Kreis.png\",\"datePublished\":\"2016-08-22T12:42:11+00:00\",\"dateModified\":\"2016-08-22T12:42:11+00:00\",\"breadcrumb\":{\"@id\":\"https:\/\/mein-frauenarzt-in-berlin.de\/ru\/ihr-praxis-team\/ihr-frauenarzt-bogdan-myndiuk\/#breadcrumb\"},\"inLanguage\":\"ru-RU\",\"potentialAction\":[{\"@type\":\"ReadAction\",\"target\":[\"https:\/\/mein-frauenarzt-in-berlin.de\/ru\/ihr-praxis-team\/ihr-frauenarzt-bogdan-myndiuk\/\"]}]},{\"@type\":\"ImageObject\",\"inLanguage\":\"ru-RU\",\"@id\":\"https:\/\/mein-frauenarzt-in-berlin.de\/ru\/ihr-praxis-team\/ihr-frauenarzt-bogdan-myndiuk\/#primaryimage\",\"url\":\"https:\/\/mein-frauenarzt-in-berlin.de\/wp-content\/uploads\/2016\/05\/Bogdan-Myndiuk-Kreis.png\",\"contentUrl\":\"https:\/\/mein-frauenarzt-in-berlin.de\/wp-content\/uploads\/2016\/05\/Bogdan-Myndiuk-Kreis.png\"},{\"@type\":\"BreadcrumbList\",\"@id\":\"https:\/\/mein-frauenarzt-in-berlin.de\/ru\/ihr-praxis-team\/ihr-frauenarzt-bogdan-myndiuk\/#breadcrumb\",\"itemListElement\":[{\"@type\":\"ListItem\",\"position\":1,\"name\":\"Startseite\",\"item\":\"https:\/\/mein-frauenarzt-in-berlin.de\/ru\/\"},{\"@type\":\"ListItem\",\"position\":2,\"name\":\"Ihr Praxis-Team\",\"item\":\"https:\/\/mein-frauenarzt-in-berlin.de\/ru\/ihr-praxis-team\/\"},{\"@type\":\"ListItem\",\"position\":3,\"name\":\"Ihr Frauenarzt &#8212; Bogdan Myndiuk\"}]},{\"@type\":\"WebSite\",\"@id\":\"https:\/\/mein-frauenarzt-in-berlin.de\/ru\/#website\",\"url\":\"https:\/\/mein-frauenarzt-in-berlin.de\/ru\/\",\"name\":\"Praxis Facharzt B. Myndiuk\",\"description\":\"Ihr Frauenarzt in Berlin\",\"potentialAction\":[{\"@type\":\"SearchAction\",\"target\":{\"@type\":\"EntryPoint\",\"urlTemplate\":\"https:\/\/mein-frauenarzt-in-berlin.de\/ru\/?s={search_term_string}\"},\"query-input\":\"required name=search_term_string\"}],\"inLanguage\":\"ru-RU\"}]}<\/script>\n<!-- \/ Yoast SEO plugin. -->","yoast_head_json":{"title":"Ihr Frauenarzt - Bogdan Myndiuk - Praxis Facharzt B. Myndiuk","robots":{"index":"index","follow":"follow","max-snippet":"max-snippet:-1","max-image-preview":"max-image-preview:large","max-video-preview":"max-video-preview:-1"},"canonical":"https:\/\/mein-frauenarzt-in-berlin.de\/ru\/ihr-praxis-team\/ihr-frauenarzt-bogdan-myndiuk\/","og_locale":"ru_RU","og_type":"article","og_title":"Ihr Frauenarzt - Bogdan Myndiuk - Praxis Facharzt B. Myndiuk","og_url":"https:\/\/mein-frauenarzt-in-berlin.de\/ru\/ihr-praxis-team\/ihr-frauenarzt-bogdan-myndiuk\/","og_site_name":"Praxis Facharzt B. Myndiuk","og_image":[{"url":"https:\/\/mein-frauenarzt-in-berlin.de\/wp-content\/uploads\/2016\/05\/Bogdan-Myndiuk-Kreis.png"}],"twitter_card":"summary_large_image","twitter_misc":{"\u041f\u0440\u0438\u043c\u0435\u0440\u043d\u043e\u0435 \u0432\u0440\u0435\u043c\u044f \u0434\u043b\u044f \u0447\u0442\u0435\u043d\u0438\u044f":"1 \u043c\u0438\u043d\u0443\u0442\u0430"},"schema":{"@context":"https:\/\/schema.org","@graph":[{"@type":"WebPage","@id":"https:\/\/mein-frauenarzt-in-berlin.de\/ru\/ihr-praxis-team\/ihr-frauenarzt-bogdan-myndiuk\/","url":"https:\/\/mein-frauenarzt-in-berlin.de\/ru\/ihr-praxis-team\/ihr-frauenarzt-bogdan-myndiuk\/","name":"Ihr Frauenarzt - Bogdan Myndiuk - Praxis Facharzt B. Myndiuk","isPartOf":{"@id":"https:\/\/mein-frauenarzt-in-berlin.de\/ru\/#website"},"primaryImageOfPage":{"@id":"https:\/\/mein-frauenarzt-in-berlin.de\/ru\/ihr-praxis-team\/ihr-frauenarzt-bogdan-myndiuk\/#primaryimage"},"image":{"@id":"https:\/\/mein-frauenarzt-in-berlin.de\/ru\/ihr-praxis-team\/ihr-frauenarzt-bogdan-myndiuk\/#primaryimage"},"thumbnailUrl":"https:\/\/mein-frauenarzt-in-berlin.de\/wp-content\/uploads\/2016\/05\/Bogdan-Myndiuk-Kreis.png","datePublished":"2016-08-22T12:42:11+00:00","dateModified":"2016-08-22T12:42:11+00:00","breadcrumb":{"@id":"https:\/\/mein-frauenarzt-in-berlin.de\/ru\/ihr-praxis-team\/ihr-frauenarzt-bogdan-myndiuk\/#breadcrumb"},"inLanguage":"ru-RU","potentialAction":[{"@type":"ReadAction","target":["https:\/\/mein-frauenarzt-in-berlin.de\/ru\/ihr-praxis-team\/ihr-frauenarzt-bogdan-myndiuk\/"]}]},{"@type":"ImageObject","inLanguage":"ru-RU","@id":"https:\/\/mein-frauenarzt-in-berlin.de\/ru\/ihr-praxis-team\/ihr-frauenarzt-bogdan-myndiuk\/#primaryimage","url":"https:\/\/mein-frauenarzt-in-berlin.de\/wp-content\/uploads\/2016\/05\/Bogdan-Myndiuk-Kreis.png","contentUrl":"https:\/\/mein-frauenarzt-in-berlin.de\/wp-content\/uploads\/2016\/05\/Bogdan-Myndiuk-Kreis.png"},{"@type":"BreadcrumbList","@id":"https:\/\/mein-frauenarzt-in-berlin.de\/ru\/ihr-praxis-team\/ihr-frauenarzt-bogdan-myndiuk\/#breadcrumb","itemListElement":[{"@type":"ListItem","position":1,"name":"Startseite","item":"https:\/\/mein-frauenarzt-in-berlin.de\/ru\/"},{"@type":"ListItem","position":2,"name":"Ihr Praxis-Team","item":"https:\/\/mein-frauenarzt-in-berlin.de\/ru\/ihr-praxis-team\/"},{"@type":"ListItem","position":3,"name":"Ihr Frauenarzt &#8212; Bogdan Myndiuk"}]},{"@type":"WebSite","@id":"https:\/\/mein-frauenarzt-in-berlin.de\/ru\/#website","url":"https:\/\/mein-frauenarzt-in-berlin.de\/ru\/","name":"Praxis Facharzt B. Myndiuk","description":"Ihr Frauenarzt in Berlin","potentialAction":[{"@type":"SearchAction","target":{"@type":"EntryPoint","urlTemplate":"https:\/\/mein-frauenarzt-in-berlin.de\/ru\/?s={search_term_string}"},"query-input":"required name=search_term_string"}],"inLanguage":"ru-RU"}]}},"_links":{"self":[{"href":"https:\/\/mein-frauenarzt-in-berlin.de\/ru\/wp-json\/wp\/v2\/pages\/669"}],"collection":[{"href":"https:\/\/mein-frauenarzt-in-berlin.de\/ru\/wp-json\/wp\/v2\/pages"}],"about":[{"href":"https:\/\/mein-frauenarzt-in-berlin.de\/ru\/wp-json\/wp\/v2\/types\/page"}],"author":[{"embeddable":true,"href":"https:\/\/mein-frauenarzt-in-berlin.de\/ru\/wp-json\/wp\/v2\/users\/1"}],"replies":[{"embeddable":true,"href":"https:\/\/mein-frauenarzt-in-berlin.de\/ru\/wp-json\/wp\/v2\/comments?post=669"}],"version-history":[{"count":1,"href":"https:\/\/mein-frauenarzt-in-berlin.de\/ru\/wp-json\/wp\/v2\/pages\/669\/revisions"}],"predecessor-version":[{"id":670,"href":"https:\/\/mein-frauenarzt-in-berlin.de\/ru\/wp-json\/wp\/v2\/pages\/669\/revisions\/670"}],"up":[{"embeddable":true,"href":"https:\/\/mein-frauenarzt-in-berlin.de\/ru\/wp-json\/wp\/v2\/pages\/659"}],"wp:attachment":[{"href":"https:\/\/mein-frauenarzt-in-berlin.de\/ru\/wp-json\/wp\/v2\/media?parent=669"}],"curies":[{"name":"wp","href":"https:\/\/api.w.org\/{rel}","templated":true}]}}