{"id":696,"date":"2016-08-22T15:07:19","date_gmt":"2016-08-22T13:07:19","guid":{"rendered":"http:\/\/mein-frauenarzt-in-berlin.de\/pl\/?page_id=696"},"modified":"2016-09-27T07:38:21","modified_gmt":"2016-09-27T05:38:21","slug":"verhuetung","status":"publish","type":"page","link":"https:\/\/mein-frauenarzt-in-berlin.de\/pl\/verhuetung\/","title":{"rendered":"Metody zapobiegania ci\u0105\u017cy"},"content":{"rendered":"<span id=\"g1-space-1\" class=\"g1-space \" style=\"margin-top:-10px;\"><\/span>\n<p style=\"text-align: justify;\"><span style=\"font-family: verdana,geneva,sans-serif; font-size: 12pt;\">Jak wyobra\u017caj\u0105 sobie Panie idealn\u0105 metod\u0119 zapobiegania ci\u0105\u017cy?\u2028<\/span><\/p>\n<p style=\"text-align: justify;\"><span style=\"font-family: verdana,geneva,sans-serif; font-size: 12pt;\">Musi by\u0107 ca\u0142kowicie pewna, chroni\u0105ca przed niechcian\u0105 ci\u0105\u017c\u0105, bez skutk\u00f3w ubocznych, \u0142atwa do stosowania, nie taka, o kt\u00f3rej ci\u0105gle trzeba pami\u0119ta\u0107, natomiast po jej odstawieniu mo\u017cna planowo zaj\u015b\u0107 w ci\u0105\u017c\u0119.<\/span><\/p>\n<p><span style=\"font-family: verdana,geneva,sans-serif; font-size: 12pt;\"> Na chwile obecn\u0105 nie ma niestety takiej metody zapobiegania ci\u0105\u017cy, kt\u00f3ra spe\u0142ni\u0142aby wszystkie te warunki.<br \/>\n<\/span><br \/>\n<span style=\"font-family: verdana,geneva,sans-serif; font-size: 12pt;\"> Jednak jest sporo metod, kt\u00f3re przy r\u00f3\u017cnych za\u0142o\u017ceniach s\u0105 skuteczne.<br \/>\n<\/span><br \/>\n<span style=\"font-family: verdana,geneva,sans-serif; font-size: 12pt;\"> Chcieliby\u015bmy przedstawi\u0107 Paniom najbardziej powszechne metody zapobiegania ci\u0105\u017cy:<\/span><\/p>\n<p>&nbsp;<\/p>\n<div id=\"content\">\n<div class=\"node full overview\">\n<div class=\"body-wrapper\">\n<p><img loading=\"lazy\" decoding=\"async\" class=\"media-image\" title=\"\" src=\"http:\/\/www.schoen-sicher.de\/sites\/default\/files\/660px_tabelle_pearl_index.png\" alt=\"Metody zapobiegania ci\u0105\u017cy\" width=\"666\" height=\"898\" \/><\/p>\n<h2><\/h2>\n<\/div>\n<\/div>\n<\/div>\n<p>[\/toggle]<\/p>\n<div id=\"g1-toggle-counter-1\" class=\"g1-toggle g1-toggle--off g1-toggle--simple g1-toggle--noicon g1-block-custom\" ><div class=\"g1-toggle__title\">Die Pille<\/div><div class=\"g1-toggle__content\"><div class=\"g1-block\">\n<p style=\"text-align: justify;\"><span style=\"font-size: 14pt; color: #ff0000;\"><strong><span style=\"font-family: verdana,geneva,sans-serif;\"><span style=\"font-size: 16pt;\">Die Pille<\/span><\/span><\/strong><\/span><\/p>\n<\/div><\/div><\/div>\n<div id=\"g1-toggle-counter-2\" class=\"g1-toggle g1-toggle--off g1-toggle--simple g1-toggle--noicon g1-block-custom\" ><div class=\"g1-toggle__title\">Die Mini-Pille<\/div><div class=\"g1-toggle__content\"><div class=\"g1-block\">\n<p><span style=\"color: #ff0000; font-size: 16pt;\"><strong><span style=\"font-family: verdana,geneva,sans-serif;\">Die Mini-Pille<\/span><\/strong><\/span><\/p>\n<\/div><\/div><\/div>\n<div id=\"g1-toggle-counter-3\" class=\"g1-toggle g1-toggle--off g1-toggle--simple g1-toggle--noicon g1-block-custom\" ><div class=\"g1-toggle__title\">Die <\/div><div class=\"g1-toggle__content\"><div class=\"g1-block\">\n<p class=\"bodytext\" style=\"text-align: justify;\"><span style=\"font-size: 14pt; color: #ff0000;\"><strong><span style=\"font-family: verdana,geneva,sans-serif;\">Die &#8222;Pille danach&#8221;<\/span><\/strong><\/span><\/p>\n<\/div><\/div><\/div>\n<div id=\"g1-toggle-counter-4\" class=\"g1-toggle g1-toggle--off g1-toggle--simple g1-toggle--noicon g1-block-custom\" ><div class=\"g1-toggle__title\">Das Hormon-Implantat<\/div><div class=\"g1-toggle__content\"><div class=\"g1-block\">\n<div>\n<div>\n<div id=\"c213\" style=\"font-family: verdana,geneva,sans-serif; font-size: 12pt;\">\n<p><span style=\"font-size: 14pt; color: #ff0000;\"><strong><span style=\"font-family: verdana,geneva,sans-serif;\">Das Hormon-Implantat<\/span><\/strong><\/span><\/p>\n<\/div><\/div><\/div>\n<\/div>\n<\/div>\n<\/div>\n<div id=\"g1-toggle-counter-5\" class=\"g1-toggle g1-toggle--off g1-toggle--simple g1-toggle--noicon g1-block-custom\" ><div class=\"g1-toggle__title\">Die Hormon-Spirale<\/div><div class=\"g1-toggle__content\"><div class=\"g1-block\">\n<div>\n<div>\n<div><span style=\"font-size: 14pt;\"><strong><span style=\"font-family: verdana,geneva,sans-serif; color: #ff0000;\">Die Hormonspirale &#8211; Das Intra-Uterin-System<\/span><\/strong><\/span><\/div>\n<\/div>\n<\/div>\n<\/div><\/div><\/div>\n<div id=\"g1-toggle-counter-6\" class=\"g1-toggle g1-toggle--off g1-toggle--simple g1-toggle--noicon g1-block-custom\" ><div class=\"g1-toggle__title\">Die Kupfer-Spirale<\/div><div class=\"g1-toggle__content\"><div class=\"g1-block\">\n<p><strong><span style=\"color: #ff0000;\">Die Spirale<\/span><\/strong><\/p>\n<p>&nbsp;<\/p>\n<\/div><\/div><\/div>\n<div id=\"g1-toggle-counter-7\" class=\"g1-toggle g1-toggle--off g1-toggle--simple g1-toggle--noicon g1-block-custom\" ><div class=\"g1-toggle__title\">Die Sterilisation<\/div><div class=\"g1-toggle__content\"><div class=\"g1-block\">\n<p><strong><span style=\"font-family: verdana,geneva,sans-serif; color: #ff0000;\">Die Sterilisation der Frau<\/span><\/strong><\/p>\n<p>&nbsp;<\/p>\n<\/div><\/div><\/div>\n<div id=\"g1-toggle-counter-8\" class=\"g1-toggle g1-toggle--off g1-toggle--simple g1-toggle--noicon g1-block-custom\" ><div class=\"g1-toggle__title\">Die 3-Monats-Spritze<\/div><div class=\"g1-toggle__content\"><div class=\"g1-block\">\n<p>&nbsp;<\/p>\n<div id=\"yoc_MobileTop\"><\/div>\n<p>&nbsp;<\/p>\n<p>&nbsp;<\/p>\n<p>&nbsp;<\/p>\n<p>&nbsp;<\/p>\n<p>&nbsp;<\/p>\n<\/div><\/div><\/div>\n<div id=\"g1-toggle-counter-9\" class=\"g1-toggle g1-toggle--off g1-toggle--simple g1-toggle--noicon g1-block-custom\" ><div class=\"g1-toggle__title\">Das Kondom<\/div><div class=\"g1-toggle__content\"><div class=\"g1-block\">\n<div>\n<div>\n<div>\n<div id=\"c219\">\n<p><span style=\"font-size: 12pt;\">Das Kondom<br \/>\n<\/span><\/p>\n<\/div>\n<\/div>\n<\/div>\n<\/div>\n<p>&nbsp;<\/p>\n<p>&nbsp;<\/p>\n<p>&nbsp;<\/p>\n<p>&nbsp;<\/p>\n<p>&nbsp;<\/p>\n<p>&nbsp;<\/p>\n<p>&nbsp;<\/p>\n<\/div><\/div><\/div>\n<div id=\"g1-toggle-counter-10\" class=\"g1-toggle g1-toggle--off g1-toggle--simple g1-toggle--noicon g1-block-custom\" ><div class=\"g1-toggle__title\">Das Scheiden-Diaphragma<\/div><div class=\"g1-toggle__content\"><div class=\"g1-block\">\n<div>\n<div>\n<div>\n<div id=\"c220\">\n<p><span style=\"font-size: 12pt;\">Das Diaphragma<br \/>\n<\/span><\/p>\n<\/div>\n<\/div>\n<\/div>\n<\/div>\n<p>&nbsp;<\/p>\n<\/div><\/div><\/div>\n<div id=\"g1-toggle-counter-11\" class=\"g1-toggle g1-toggle--off g1-toggle--simple g1-toggle--noicon g1-block-custom\" ><div class=\"g1-toggle__title\">Die Kalender-Methode (Knaus-Ogino)<\/div><div class=\"g1-toggle__content\"><div class=\"g1-block\">\n<p>&nbsp;<\/p>\n<\/div><\/div><\/div>\n<p><a class=\"singlePID=3900&amp;tx_irfaq_pi1&lt;br &gt;&lt;\/a&gt;&lt;\/p&gt; &lt;section class=\" data-g1-sc-name=\"showUid\">={field:uid}&amp;&#8221; title=&#8221;Zum Eintrag: Zyklus&#8221; href=&#8221;http:\/\/www.familienplanung.de\/lexikon\/zyklus\/?external-link-new-window=&#8221; target=&#8221;_top&#8221; data-etracker-key=&#8221;Lexikonlink: Zyklus&#8221; data-etracker-value=&#8221;Lexikonlink&#8221; data-lexikon=&#8221;1&#8243;&gt;Zyklus<\/a> ermittelt.<\/p>\n","protected":false},"excerpt":{"rendered":"<p>Jak wyobra\u017caj\u0105 sobie Panie idealn\u0105 metod\u0119 zapobiegania ci\u0105\u017cy?\u2028 Musi by\u0107 ca\u0142kowicie pewna, chroni\u0105ca przed niechcian\u0105 ci\u0105\u017c\u0105, bez skutk\u00f3w ubocznych, \u0142atwa do stosowania, nie taka, o kt\u00f3rej ci\u0105gle trzeba pami\u0119ta\u0107, natomiast po jej odstawieniu mo\u017cna planowo zaj\u015b\u0107 w ci\u0105\u017c\u0119. Na chwile obecn\u0105 nie ma niestety takiej metody zapobiegania ci\u0105\u017cy, kt\u00f3ra spe\u0142ni\u0142aby wszystkie te warunki. Jednak jest [&hellip;]<\/p>\n","protected":false},"author":1,"featured_media":0,"parent":0,"menu_order":0,"comment_status":"closed","ping_status":"closed","template":"g1_template_page_full.php","meta":{"footnotes":""},"class_list":["post-696","page","type-page","status-publish"],"yoast_head":"<!-- This site is optimized with the Yoast SEO plugin v23.2 - https:\/\/yoast.com\/wordpress\/plugins\/seo\/ -->\n<title>Metody zapobiegania ci\u0105\u017cy - Frauenarzt Praxis Facharzt B. Myndiuk<\/title>\n<meta name=\"description\" content=\"Verh\u00fctung sollte Sie absolut sicher vor einer unerw\u00fcnschten Schwangerschaft sch\u00fctzen, keine Nebenwirkungen haben leicht anwendbar sein.\" \/>\n<meta name=\"robots\" content=\"index, follow, max-snippet:-1, max-image-preview:large, max-video-preview:-1\" \/>\n<link rel=\"canonical\" href=\"https:\/\/mein-frauenarzt-in-berlin.de\/pl\/verhuetung\/\" \/>\n<meta property=\"og:locale\" content=\"pl_PL\" \/>\n<meta property=\"og:type\" content=\"article\" \/>\n<meta property=\"og:title\" content=\"Metody zapobiegania ci\u0105\u017cy - Frauenarzt Praxis Facharzt B. Myndiuk\" \/>\n<meta property=\"og:description\" content=\"Verh\u00fctung sollte Sie absolut sicher vor einer unerw\u00fcnschten Schwangerschaft sch\u00fctzen, keine Nebenwirkungen haben leicht anwendbar sein.\" \/>\n<meta property=\"og:url\" content=\"https:\/\/mein-frauenarzt-in-berlin.de\/pl\/verhuetung\/\" \/>\n<meta property=\"og:site_name\" content=\"Praxis Facharzt B. Myndiuk\" \/>\n<meta property=\"article:modified_time\" content=\"2016-09-27T05:38:21+00:00\" \/>\n<meta property=\"og:image\" content=\"http:\/\/www.schoen-sicher.de\/sites\/default\/files\/660px_tabelle_pearl_index.png\" \/>\n<meta name=\"twitter:card\" content=\"summary_large_image\" \/>\n<meta name=\"twitter:label1\" content=\"Szacowany czas czytania\" \/>\n\t<meta name=\"twitter:data1\" content=\"1 minuta\" \/>\n<script type=\"application\/ld+json\" class=\"yoast-schema-graph\">{\"@context\":\"https:\/\/schema.org\",\"@graph\":[{\"@type\":\"WebPage\",\"@id\":\"https:\/\/mein-frauenarzt-in-berlin.de\/pl\/verhuetung\/\",\"url\":\"https:\/\/mein-frauenarzt-in-berlin.de\/pl\/verhuetung\/\",\"name\":\"Metody zapobiegania ci\u0105\u017cy - Frauenarzt Praxis Facharzt B. Myndiuk\",\"isPartOf\":{\"@id\":\"https:\/\/mein-frauenarzt-in-berlin.de\/ru\/#website\"},\"primaryImageOfPage\":{\"@id\":\"https:\/\/mein-frauenarzt-in-berlin.de\/pl\/verhuetung\/#primaryimage\"},\"image\":{\"@id\":\"https:\/\/mein-frauenarzt-in-berlin.de\/pl\/verhuetung\/#primaryimage\"},\"thumbnailUrl\":\"http:\/\/www.schoen-sicher.de\/sites\/default\/files\/660px_tabelle_pearl_index.png\",\"datePublished\":\"2016-08-22T13:07:19+00:00\",\"dateModified\":\"2016-09-27T05:38:21+00:00\",\"description\":\"Verh\u00fctung sollte Sie absolut sicher vor einer unerw\u00fcnschten Schwangerschaft sch\u00fctzen, keine Nebenwirkungen haben leicht anwendbar sein.\",\"breadcrumb\":{\"@id\":\"https:\/\/mein-frauenarzt-in-berlin.de\/pl\/verhuetung\/#breadcrumb\"},\"inLanguage\":\"pl-PL\",\"potentialAction\":[{\"@type\":\"ReadAction\",\"target\":[\"https:\/\/mein-frauenarzt-in-berlin.de\/pl\/verhuetung\/\"]}]},{\"@type\":\"ImageObject\",\"inLanguage\":\"pl-PL\",\"@id\":\"https:\/\/mein-frauenarzt-in-berlin.de\/pl\/verhuetung\/#primaryimage\",\"url\":\"http:\/\/www.schoen-sicher.de\/sites\/default\/files\/660px_tabelle_pearl_index.png\",\"contentUrl\":\"http:\/\/www.schoen-sicher.de\/sites\/default\/files\/660px_tabelle_pearl_index.png\"},{\"@type\":\"BreadcrumbList\",\"@id\":\"https:\/\/mein-frauenarzt-in-berlin.de\/pl\/verhuetung\/#breadcrumb\",\"itemListElement\":[{\"@type\":\"ListItem\",\"position\":1,\"name\":\"Startseite\",\"item\":\"https:\/\/mein-frauenarzt-in-berlin.de\/pl\/\"},{\"@type\":\"ListItem\",\"position\":2,\"name\":\"Metody zapobiegania ci\u0105\u017cy\"}]},{\"@type\":\"WebSite\",\"@id\":\"https:\/\/mein-frauenarzt-in-berlin.de\/ru\/#website\",\"url\":\"https:\/\/mein-frauenarzt-in-berlin.de\/ru\/\",\"name\":\"Praxis Facharzt B. Myndiuk\",\"description\":\"Ihr Frauenarzt in Berlin\",\"potentialAction\":[{\"@type\":\"SearchAction\",\"target\":{\"@type\":\"EntryPoint\",\"urlTemplate\":\"https:\/\/mein-frauenarzt-in-berlin.de\/ru\/?s={search_term_string}\"},\"query-input\":\"required name=search_term_string\"}],\"inLanguage\":\"pl-PL\"}]}<\/script>\n<!-- \/ Yoast SEO plugin. -->","yoast_head_json":{"title":"Metody zapobiegania ci\u0105\u017cy - Frauenarzt Praxis Facharzt B. Myndiuk","description":"Verh\u00fctung sollte Sie absolut sicher vor einer unerw\u00fcnschten Schwangerschaft sch\u00fctzen, keine Nebenwirkungen haben leicht anwendbar sein.","robots":{"index":"index","follow":"follow","max-snippet":"max-snippet:-1","max-image-preview":"max-image-preview:large","max-video-preview":"max-video-preview:-1"},"canonical":"https:\/\/mein-frauenarzt-in-berlin.de\/pl\/verhuetung\/","og_locale":"pl_PL","og_type":"article","og_title":"Metody zapobiegania ci\u0105\u017cy - Frauenarzt Praxis Facharzt B. Myndiuk","og_description":"Verh\u00fctung sollte Sie absolut sicher vor einer unerw\u00fcnschten Schwangerschaft sch\u00fctzen, keine Nebenwirkungen haben leicht anwendbar sein.","og_url":"https:\/\/mein-frauenarzt-in-berlin.de\/pl\/verhuetung\/","og_site_name":"Praxis Facharzt B. Myndiuk","article_modified_time":"2016-09-27T05:38:21+00:00","og_image":[{"url":"http:\/\/www.schoen-sicher.de\/sites\/default\/files\/660px_tabelle_pearl_index.png"}],"twitter_card":"summary_large_image","twitter_misc":{"Szacowany czas czytania":"1 minuta"},"schema":{"@context":"https:\/\/schema.org","@graph":[{"@type":"WebPage","@id":"https:\/\/mein-frauenarzt-in-berlin.de\/pl\/verhuetung\/","url":"https:\/\/mein-frauenarzt-in-berlin.de\/pl\/verhuetung\/","name":"Metody zapobiegania ci\u0105\u017cy - Frauenarzt Praxis Facharzt B. Myndiuk","isPartOf":{"@id":"https:\/\/mein-frauenarzt-in-berlin.de\/ru\/#website"},"primaryImageOfPage":{"@id":"https:\/\/mein-frauenarzt-in-berlin.de\/pl\/verhuetung\/#primaryimage"},"image":{"@id":"https:\/\/mein-frauenarzt-in-berlin.de\/pl\/verhuetung\/#primaryimage"},"thumbnailUrl":"http:\/\/www.schoen-sicher.de\/sites\/default\/files\/660px_tabelle_pearl_index.png","datePublished":"2016-08-22T13:07:19+00:00","dateModified":"2016-09-27T05:38:21+00:00","description":"Verh\u00fctung sollte Sie absolut sicher vor einer unerw\u00fcnschten Schwangerschaft sch\u00fctzen, keine Nebenwirkungen haben leicht anwendbar sein.","breadcrumb":{"@id":"https:\/\/mein-frauenarzt-in-berlin.de\/pl\/verhuetung\/#breadcrumb"},"inLanguage":"pl-PL","potentialAction":[{"@type":"ReadAction","target":["https:\/\/mein-frauenarzt-in-berlin.de\/pl\/verhuetung\/"]}]},{"@type":"ImageObject","inLanguage":"pl-PL","@id":"https:\/\/mein-frauenarzt-in-berlin.de\/pl\/verhuetung\/#primaryimage","url":"http:\/\/www.schoen-sicher.de\/sites\/default\/files\/660px_tabelle_pearl_index.png","contentUrl":"http:\/\/www.schoen-sicher.de\/sites\/default\/files\/660px_tabelle_pearl_index.png"},{"@type":"BreadcrumbList","@id":"https:\/\/mein-frauenarzt-in-berlin.de\/pl\/verhuetung\/#breadcrumb","itemListElement":[{"@type":"ListItem","position":1,"name":"Startseite","item":"https:\/\/mein-frauenarzt-in-berlin.de\/pl\/"},{"@type":"ListItem","position":2,"name":"Metody zapobiegania ci\u0105\u017cy"}]},{"@type":"WebSite","@id":"https:\/\/mein-frauenarzt-in-berlin.de\/ru\/#website","url":"https:\/\/mein-frauenarzt-in-berlin.de\/ru\/","name":"Praxis Facharzt B. Myndiuk","description":"Ihr Frauenarzt in Berlin","potentialAction":[{"@type":"SearchAction","target":{"@type":"EntryPoint","urlTemplate":"https:\/\/mein-frauenarzt-in-berlin.de\/ru\/?s={search_term_string}"},"query-input":"required name=search_term_string"}],"inLanguage":"pl-PL"}]}},"_links":{"self":[{"href":"https:\/\/mein-frauenarzt-in-berlin.de\/pl\/wp-json\/wp\/v2\/pages\/696"}],"collection":[{"href":"https:\/\/mein-frauenarzt-in-berlin.de\/pl\/wp-json\/wp\/v2\/pages"}],"about":[{"href":"https:\/\/mein-frauenarzt-in-berlin.de\/pl\/wp-json\/wp\/v2\/types\/page"}],"author":[{"embeddable":true,"href":"https:\/\/mein-frauenarzt-in-berlin.de\/pl\/wp-json\/wp\/v2\/users\/1"}],"replies":[{"embeddable":true,"href":"https:\/\/mein-frauenarzt-in-berlin.de\/pl\/wp-json\/wp\/v2\/comments?post=696"}],"version-history":[{"count":5,"href":"https:\/\/mein-frauenarzt-in-berlin.de\/pl\/wp-json\/wp\/v2\/pages\/696\/revisions"}],"predecessor-version":[{"id":957,"href":"https:\/\/mein-frauenarzt-in-berlin.de\/pl\/wp-json\/wp\/v2\/pages\/696\/revisions\/957"}],"wp:attachment":[{"href":"https:\/\/mein-frauenarzt-in-berlin.de\/pl\/wp-json\/wp\/v2\/media?parent=696"}],"curies":[{"name":"wp","href":"https:\/\/api.w.org\/{rel}","templated":true}]}}