{"id":677,"date":"2016-08-22T14:51:45","date_gmt":"2016-08-22T12:51:45","guid":{"rendered":"http:\/\/mein-frauenarzt-in-berlin.de\/pl\/?page_id=677"},"modified":"2016-09-27T07:50:10","modified_gmt":"2016-09-27T05:50:10","slug":"schwangerschaft","status":"publish","type":"page","link":"https:\/\/mein-frauenarzt-in-berlin.de\/pl\/schwangerschaft\/","title":{"rendered":"Ci\u0105\u017ca"},"content":{"rendered":"<p style=\"text-align: justify;\"><img loading=\"lazy\" decoding=\"async\" class=\"size-medium wp-image-186 alignright\" src=\"https:\/\/mein-frauenarzt-in-berlin.de\/wp-content\/uploads\/2016\/05\/photodune-1126941-pregnant-woman-s-e1463757758850-300x265.jpg\" alt=\"Pregnant woman touching her belly with hands\" width=\"300\" height=\"265\" srcset=\"https:\/\/mein-frauenarzt-in-berlin.de\/wp-content\/uploads\/2016\/05\/photodune-1126941-pregnant-woman-s-e1463757758850-300x265.jpg 300w, https:\/\/mein-frauenarzt-in-berlin.de\/wp-content\/uploads\/2016\/05\/photodune-1126941-pregnant-woman-s-e1463757758850-636x562.jpg 636w, https:\/\/mein-frauenarzt-in-berlin.de\/wp-content\/uploads\/2016\/05\/photodune-1126941-pregnant-woman-s-e1463757758850-320x283.jpg 320w, https:\/\/mein-frauenarzt-in-berlin.de\/wp-content\/uploads\/2016\/05\/photodune-1126941-pregnant-woman-s-e1463757758850-239x211.jpg 239w, https:\/\/mein-frauenarzt-in-berlin.de\/wp-content\/uploads\/2016\/05\/photodune-1126941-pregnant-woman-s-e1463757758850.jpg 714w\" sizes=\"(max-width: 300px) 100vw, 300px\" \/><span style=\"font-size: 12pt; font-family: verdana,geneva,sans-serif;\"><span style=\"font-size: 16pt;\"><strong>Ci\u0105\u017ca<\/strong><\/span><\/span><\/p>\n<p><span style=\"font-family: verdana,geneva,sans-serif; font-size: 12pt;\">Szanowne Pacjentki, jeste\u015bcie w ci\u0105\u017cy? Przede wszystkim gratulacje! Ci\u0105\u017ca to najpi\u0119kniejsze prze\u017cycie w \u017cyciu kobiety, okres oczekiwania i ciekawo\u015bci, pe\u0142en rado\u015bci i intensywnych do\u015bwiadcze\u0144.<\/span><\/p>\n<p><span style=\"font-family: verdana,geneva,sans-serif; font-size: 12pt;\">Czeka Was okres przemian, poniewa\u017c w Waszym ciele rozwija si\u0119 ma\u0142y cz\u0142owiek. Badania w czasie ci\u0105\u017cy wykonywane fachowo ale te\u017c z empatycznym podej\u015bciem wobec pacjentki s\u0105 najlepszym gwarantem urodzenia zdrowego dziecka.<\/span><\/p>\n<p><span style=\"font-family: verdana,geneva,sans-serif; font-size: 12pt;\">Jako do\u015bwiadczony lekarz ginekolog towarzysz\u0119 kobietom w tym szczeg\u00f3lnym okresie od momentu zaj\u015bcia w ci\u0105\u017c\u0119 a\u017c do rozwi\u0105zania.<\/span><\/p>\n<p><span style=\"font-family: verdana,geneva,sans-serif; font-size: 12pt;\">Opr\u00f3cz przeprowadzenia wszystkich bada\u0144 odpowiem ch\u0119tnie na wszelkie pytania podczas regularnych wizyt i bada\u0144 ci\u0105\u017cowych, na pytania, kt\u00f3re &#8211; zw\u0142aszcza przy pierwszej ci\u0105\u017cy &#8211; s\u0105 nieuniknione \u2013 na temat rozwoju Waszego dziecka, w\u0142a\u015bciwego od\u017cywiania, sportu, seksualno\u015bci, radzenia sobie z typowymi objawami zwi\u0105zanymi z ci\u0105\u017c\u0105 a\u017c po pytanie o wyb\u00f3r kliniki po\u0142o\u017cniczej.<\/span><\/p>\n<p><span style=\"font-family: verdana,geneva,sans-serif; font-size: 12pt;\">Pe\u0142na opieka rozpoczyna si\u0119 od momentu stwierdzenia ci\u0105\u017cy.<\/span><\/p>\n<p><span style=\"font-family: verdana,geneva,sans-serif; font-size: 12pt;\">Po pierwszym badaniu otrzymuje Pani zeszyt informacyjny na temat ci\u0105\u017cy, w kt\u00f3rym znajduje si\u0119 ju\u017c wiele odpowiedzi na r\u00f3\u017cne pytania.<\/span><\/p>\n<p><span style=\"font-family: verdana,geneva,sans-serif; font-size: 12pt;\">Opieka perinatalna przys\u0142uguj\u0105ca kobietom oferuje wiele niezb\u0119dnych \u015bwiadcze\u0144 medycznych. Ci\u0105g\u0142o\u015b\u0107 bada\u0144 jest warunkiem umo\u017cliwiaj\u0105cym jak najszybsze rozpoznanie ryzyka w ci\u0105\u017cy i rozpocz\u0119cie odpowiedniego leczenia.<\/span><\/p>\n<p><span style=\"font-family: verdana,geneva,sans-serif; font-size: 12pt;\">Ponadto mo\u017cna podj\u0105\u0107 wiele po\u017c\u0105danych bada\u0144 i dzia\u0142a\u0144 zalecanych podczas opieki ci\u0105\u017cowej. Wychodzimy tu naprzeciw zrozumia\u0142ym potrzebom kobiet pragn\u0105cych jak najwi\u0119kszego bezpiecze\u0144stwa.<\/span><\/p>\n<p><span style=\"font-family: verdana,geneva,sans-serif; font-size: 12pt;\">Ci\u0105\u017ca mo\u017ce nie\u015b\u0107 ze sob\u0105 sytuacje konfliktowe, dolegliwo\u015bci i czynniki ryzyka (wiek, obci\u0105\u017cenia genetyczne, przebyte choroby) \u2013 z pomoc\u0105 ca\u0142ego mojego zespo\u0142u macie Panie najlepsze warunki do prze\u017cycia pi\u0119knego okresu ci\u0105\u017cy bez dolegliwo\u015bci.<\/span><br \/>\n<span style=\"font-family: verdana,geneva,sans-serif; font-size: 12pt;\"> Prosimy o kontakt w razie pyta\u0144 dotycz\u0105cych opieki ci\u0105\u017cowej w naszym gabinecie ginekologicznym w Berlinie Charlottenburg-Wilmersdorf.<\/span><\/p>\n<p><span style=\"font-family: verdana,geneva,sans-serif; font-size: 12pt;\">Je\u017celi chcia\u0142yby Panie um\u00f3wi\u0107 termin bada\u0144 ci\u0105\u017cowych, ca\u0142y zesp\u00f3\u0142 do\u0142o\u017cy stara\u0144 w celu spe\u0142nienia Waszych oczekiwa\u0144 w tej kwestii.<\/span><\/p>\n<p><span style=\"font-family: verdana,geneva,sans-serif;\"><figure id=\"g1-quote-1\" class=\"g1-quote g1-quote--solid g1-quote--medium \" ><div class=\"g1-inner\"><\/span><\/p>\n<p><span style=\"font-size: 12pt; font-family: verdana,geneva,sans-serif;\">Dzi\u0119ki moim do\u015bwiadczeniom jako ordynator w klinikach w Norymbergii i w Berlinie wiem, \u017ce ci\u0105\u017ca to nie tylko zmiany fizyczne, to r\u00f3wnie\u017c wyzwanie dla stanu umys\u0142u i ducha. Zapewniam, \u017ce w naszym gabinecie jeste\u015bcie Panie w dobrych i troskliwych r\u0119kach i pod dobr\u0105 opiek\u0105 medyczn\u0105 od pocz\u0105tku a\u017c do ko\u0144ca ci\u0105\u017cy.<\/span><\/p>\n<\/div><figcaption class=\"g1-meta\"><img loading=\"lazy\" decoding=\"async\" src=\"https:\/\/mein-frauenarzt-in-berlin.de\/wp-content\/uploads\/2016\/05\/Bogdan-Myndiuk-Kreis.png\" width=\"40\" height=\"40\" alt=\"Author&#039;s image\"\/><strong>Bogdan Myndiuk<\/strong><span>Facharzt f\u00fcr Gyn\u00e4kologie<\/span><\/figcaption><\/figure><\/p>\n<div id=\"g1-divider-1\" class=\"g1-divider g1-divider--none g1-divider--noicon \"><\/div>\n<div id=\"g1-toggle-counter-1\" class=\"g1-toggle g1-toggle--off g1-toggle--simple g1-toggle--noicon g1-block-custom\" ><div class=\"g1-toggle__title\">Toxoplasmose-Test <\/div><div class=\"g1-toggle__content\"><div class=\"g1-block\">\n<\/div><\/div><\/div>\n<div id=\"g1-toggle-counter-2\" class=\"g1-toggle g1-toggle--off g1-toggle--simple g1-toggle--noicon g1-block-custom\" ><div class=\"g1-toggle__title\">Progress 1<\/div><div class=\"g1-toggle__content\"><div class=\"g1-block\">\n<\/div><\/div><\/div>\n<div id=\"g1-toggle-counter-3\" class=\"g1-toggle g1-toggle--off g1-toggle--simple g1-toggle--noicon g1-block-custom\" ><div class=\"g1-toggle__title\">Progress 2<\/div><div class=\"g1-toggle__content\"><div class=\"g1-block\">\n<\/div><\/div><\/div>\n","protected":false},"excerpt":{"rendered":"<p>Ci\u0105\u017ca Szanowne Pacjentki, jeste\u015bcie w ci\u0105\u017cy? Przede wszystkim gratulacje! Ci\u0105\u017ca to najpi\u0119kniejsze prze\u017cycie w \u017cyciu kobiety, okres oczekiwania i ciekawo\u015bci, pe\u0142en rado\u015bci i intensywnych do\u015bwiadcze\u0144. Czeka Was okres przemian, poniewa\u017c w Waszym ciele rozwija si\u0119 ma\u0142y cz\u0142owiek. Badania w czasie ci\u0105\u017cy wykonywane fachowo ale te\u017c z empatycznym podej\u015bciem wobec pacjentki s\u0105 najlepszym gwarantem urodzenia zdrowego [&hellip;]<\/p>\n","protected":false},"author":1,"featured_media":0,"parent":0,"menu_order":0,"comment_status":"closed","ping_status":"closed","template":"g1_template_page_full.php","meta":{"footnotes":""},"class_list":["post-677","page","type-page","status-publish"],"yoast_head":"<!-- This site is optimized with the Yoast SEO plugin v23.2 - https:\/\/yoast.com\/wordpress\/plugins\/seo\/ -->\n<title>Ci\u0105\u017ca - Praxis Facharzt B. Myndiuk<\/title>\n<meta name=\"robots\" content=\"index, follow, max-snippet:-1, max-image-preview:large, max-video-preview:-1\" \/>\n<link rel=\"canonical\" href=\"https:\/\/mein-frauenarzt-in-berlin.de\/pl\/schwangerschaft\/\" \/>\n<meta property=\"og:locale\" content=\"pl_PL\" \/>\n<meta property=\"og:type\" content=\"article\" \/>\n<meta property=\"og:title\" content=\"Ci\u0105\u017ca - Praxis Facharzt B. Myndiuk\" \/>\n<meta property=\"og:description\" content=\"Ci\u0105\u017ca Szanowne Pacjentki, jeste\u015bcie w ci\u0105\u017cy? Przede wszystkim gratulacje! Ci\u0105\u017ca to najpi\u0119kniejsze prze\u017cycie w \u017cyciu kobiety, okres oczekiwania i ciekawo\u015bci, pe\u0142en rado\u015bci i intensywnych do\u015bwiadcze\u0144. Czeka Was okres przemian, poniewa\u017c w Waszym ciele rozwija si\u0119 ma\u0142y cz\u0142owiek. Badania w czasie ci\u0105\u017cy wykonywane fachowo ale te\u017c z empatycznym podej\u015bciem wobec pacjentki s\u0105 najlepszym gwarantem urodzenia zdrowego [&hellip;]\" \/>\n<meta property=\"og:url\" content=\"https:\/\/mein-frauenarzt-in-berlin.de\/pl\/schwangerschaft\/\" \/>\n<meta property=\"og:site_name\" content=\"Praxis Facharzt B. Myndiuk\" \/>\n<meta property=\"article:modified_time\" content=\"2016-09-27T05:50:10+00:00\" \/>\n<meta property=\"og:image\" content=\"https:\/\/mein-frauenarzt-in-berlin.de\/wp-content\/uploads\/2016\/05\/photodune-1126941-pregnant-woman-s-e1463757758850-300x265.jpg\" \/>\n<meta name=\"twitter:card\" content=\"summary_large_image\" \/>\n<meta name=\"twitter:label1\" content=\"Szacowany czas czytania\" \/>\n\t<meta name=\"twitter:data1\" content=\"2 minuty\" \/>\n<script type=\"application\/ld+json\" class=\"yoast-schema-graph\">{\"@context\":\"https:\/\/schema.org\",\"@graph\":[{\"@type\":\"WebPage\",\"@id\":\"https:\/\/mein-frauenarzt-in-berlin.de\/pl\/schwangerschaft\/\",\"url\":\"https:\/\/mein-frauenarzt-in-berlin.de\/pl\/schwangerschaft\/\",\"name\":\"Ci\u0105\u017ca - Praxis Facharzt B. Myndiuk\",\"isPartOf\":{\"@id\":\"https:\/\/mein-frauenarzt-in-berlin.de\/ru\/#website\"},\"primaryImageOfPage\":{\"@id\":\"https:\/\/mein-frauenarzt-in-berlin.de\/pl\/schwangerschaft\/#primaryimage\"},\"image\":{\"@id\":\"https:\/\/mein-frauenarzt-in-berlin.de\/pl\/schwangerschaft\/#primaryimage\"},\"thumbnailUrl\":\"https:\/\/mein-frauenarzt-in-berlin.de\/wp-content\/uploads\/2016\/05\/photodune-1126941-pregnant-woman-s-e1463757758850-300x265.jpg\",\"datePublished\":\"2016-08-22T12:51:45+00:00\",\"dateModified\":\"2016-09-27T05:50:10+00:00\",\"breadcrumb\":{\"@id\":\"https:\/\/mein-frauenarzt-in-berlin.de\/pl\/schwangerschaft\/#breadcrumb\"},\"inLanguage\":\"pl-PL\",\"potentialAction\":[{\"@type\":\"ReadAction\",\"target\":[\"https:\/\/mein-frauenarzt-in-berlin.de\/pl\/schwangerschaft\/\"]}]},{\"@type\":\"ImageObject\",\"inLanguage\":\"pl-PL\",\"@id\":\"https:\/\/mein-frauenarzt-in-berlin.de\/pl\/schwangerschaft\/#primaryimage\",\"url\":\"https:\/\/mein-frauenarzt-in-berlin.de\/wp-content\/uploads\/2016\/05\/photodune-1126941-pregnant-woman-s-e1463757758850-300x265.jpg\",\"contentUrl\":\"https:\/\/mein-frauenarzt-in-berlin.de\/wp-content\/uploads\/2016\/05\/photodune-1126941-pregnant-woman-s-e1463757758850-300x265.jpg\"},{\"@type\":\"BreadcrumbList\",\"@id\":\"https:\/\/mein-frauenarzt-in-berlin.de\/pl\/schwangerschaft\/#breadcrumb\",\"itemListElement\":[{\"@type\":\"ListItem\",\"position\":1,\"name\":\"Startseite\",\"item\":\"https:\/\/mein-frauenarzt-in-berlin.de\/pl\/\"},{\"@type\":\"ListItem\",\"position\":2,\"name\":\"Ci\u0105\u017ca\"}]},{\"@type\":\"WebSite\",\"@id\":\"https:\/\/mein-frauenarzt-in-berlin.de\/ru\/#website\",\"url\":\"https:\/\/mein-frauenarzt-in-berlin.de\/ru\/\",\"name\":\"Praxis Facharzt B. Myndiuk\",\"description\":\"Ihr Frauenarzt in Berlin\",\"potentialAction\":[{\"@type\":\"SearchAction\",\"target\":{\"@type\":\"EntryPoint\",\"urlTemplate\":\"https:\/\/mein-frauenarzt-in-berlin.de\/ru\/?s={search_term_string}\"},\"query-input\":\"required name=search_term_string\"}],\"inLanguage\":\"pl-PL\"}]}<\/script>\n<!-- \/ Yoast SEO plugin. -->","yoast_head_json":{"title":"Ci\u0105\u017ca - Praxis Facharzt B. Myndiuk","robots":{"index":"index","follow":"follow","max-snippet":"max-snippet:-1","max-image-preview":"max-image-preview:large","max-video-preview":"max-video-preview:-1"},"canonical":"https:\/\/mein-frauenarzt-in-berlin.de\/pl\/schwangerschaft\/","og_locale":"pl_PL","og_type":"article","og_title":"Ci\u0105\u017ca - Praxis Facharzt B. Myndiuk","og_description":"Ci\u0105\u017ca Szanowne Pacjentki, jeste\u015bcie w ci\u0105\u017cy? Przede wszystkim gratulacje! Ci\u0105\u017ca to najpi\u0119kniejsze prze\u017cycie w \u017cyciu kobiety, okres oczekiwania i ciekawo\u015bci, pe\u0142en rado\u015bci i intensywnych do\u015bwiadcze\u0144. Czeka Was okres przemian, poniewa\u017c w Waszym ciele rozwija si\u0119 ma\u0142y cz\u0142owiek. Badania w czasie ci\u0105\u017cy wykonywane fachowo ale te\u017c z empatycznym podej\u015bciem wobec pacjentki s\u0105 najlepszym gwarantem urodzenia zdrowego [&hellip;]","og_url":"https:\/\/mein-frauenarzt-in-berlin.de\/pl\/schwangerschaft\/","og_site_name":"Praxis Facharzt B. Myndiuk","article_modified_time":"2016-09-27T05:50:10+00:00","og_image":[{"url":"https:\/\/mein-frauenarzt-in-berlin.de\/wp-content\/uploads\/2016\/05\/photodune-1126941-pregnant-woman-s-e1463757758850-300x265.jpg"}],"twitter_card":"summary_large_image","twitter_misc":{"Szacowany czas czytania":"2 minuty"},"schema":{"@context":"https:\/\/schema.org","@graph":[{"@type":"WebPage","@id":"https:\/\/mein-frauenarzt-in-berlin.de\/pl\/schwangerschaft\/","url":"https:\/\/mein-frauenarzt-in-berlin.de\/pl\/schwangerschaft\/","name":"Ci\u0105\u017ca - Praxis Facharzt B. Myndiuk","isPartOf":{"@id":"https:\/\/mein-frauenarzt-in-berlin.de\/ru\/#website"},"primaryImageOfPage":{"@id":"https:\/\/mein-frauenarzt-in-berlin.de\/pl\/schwangerschaft\/#primaryimage"},"image":{"@id":"https:\/\/mein-frauenarzt-in-berlin.de\/pl\/schwangerschaft\/#primaryimage"},"thumbnailUrl":"https:\/\/mein-frauenarzt-in-berlin.de\/wp-content\/uploads\/2016\/05\/photodune-1126941-pregnant-woman-s-e1463757758850-300x265.jpg","datePublished":"2016-08-22T12:51:45+00:00","dateModified":"2016-09-27T05:50:10+00:00","breadcrumb":{"@id":"https:\/\/mein-frauenarzt-in-berlin.de\/pl\/schwangerschaft\/#breadcrumb"},"inLanguage":"pl-PL","potentialAction":[{"@type":"ReadAction","target":["https:\/\/mein-frauenarzt-in-berlin.de\/pl\/schwangerschaft\/"]}]},{"@type":"ImageObject","inLanguage":"pl-PL","@id":"https:\/\/mein-frauenarzt-in-berlin.de\/pl\/schwangerschaft\/#primaryimage","url":"https:\/\/mein-frauenarzt-in-berlin.de\/wp-content\/uploads\/2016\/05\/photodune-1126941-pregnant-woman-s-e1463757758850-300x265.jpg","contentUrl":"https:\/\/mein-frauenarzt-in-berlin.de\/wp-content\/uploads\/2016\/05\/photodune-1126941-pregnant-woman-s-e1463757758850-300x265.jpg"},{"@type":"BreadcrumbList","@id":"https:\/\/mein-frauenarzt-in-berlin.de\/pl\/schwangerschaft\/#breadcrumb","itemListElement":[{"@type":"ListItem","position":1,"name":"Startseite","item":"https:\/\/mein-frauenarzt-in-berlin.de\/pl\/"},{"@type":"ListItem","position":2,"name":"Ci\u0105\u017ca"}]},{"@type":"WebSite","@id":"https:\/\/mein-frauenarzt-in-berlin.de\/ru\/#website","url":"https:\/\/mein-frauenarzt-in-berlin.de\/ru\/","name":"Praxis Facharzt B. Myndiuk","description":"Ihr Frauenarzt in Berlin","potentialAction":[{"@type":"SearchAction","target":{"@type":"EntryPoint","urlTemplate":"https:\/\/mein-frauenarzt-in-berlin.de\/ru\/?s={search_term_string}"},"query-input":"required name=search_term_string"}],"inLanguage":"pl-PL"}]}},"_links":{"self":[{"href":"https:\/\/mein-frauenarzt-in-berlin.de\/pl\/wp-json\/wp\/v2\/pages\/677"}],"collection":[{"href":"https:\/\/mein-frauenarzt-in-berlin.de\/pl\/wp-json\/wp\/v2\/pages"}],"about":[{"href":"https:\/\/mein-frauenarzt-in-berlin.de\/pl\/wp-json\/wp\/v2\/types\/page"}],"author":[{"embeddable":true,"href":"https:\/\/mein-frauenarzt-in-berlin.de\/pl\/wp-json\/wp\/v2\/users\/1"}],"replies":[{"embeddable":true,"href":"https:\/\/mein-frauenarzt-in-berlin.de\/pl\/wp-json\/wp\/v2\/comments?post=677"}],"version-history":[{"count":4,"href":"https:\/\/mein-frauenarzt-in-berlin.de\/pl\/wp-json\/wp\/v2\/pages\/677\/revisions"}],"predecessor-version":[{"id":964,"href":"https:\/\/mein-frauenarzt-in-berlin.de\/pl\/wp-json\/wp\/v2\/pages\/677\/revisions\/964"}],"wp:attachment":[{"href":"https:\/\/mein-frauenarzt-in-berlin.de\/pl\/wp-json\/wp\/v2\/media?parent=677"}],"curies":[{"name":"wp","href":"https:\/\/api.w.org\/{rel}","templated":true}]}}