{"id":1108,"date":"2018-03-09T17:44:17","date_gmt":"2018-03-09T16:44:17","guid":{"rendered":"https:\/\/mein-frauenarzt-in-berlin.de\/?page_id=1108\/"},"modified":"2023-07-26T18:24:16","modified_gmt":"2023-07-26T16:24:16","slug":"startseite","status":"publish","type":"page","link":"https:\/\/mein-frauenarzt-in-berlin.de\/pl\/","title":{"rendered":"Startseite"},"content":{"rendered":"<style type=\"text\/css\" scoped=\"scoped\">#g1-section-1.g1-section {background-color: #e81700; background-repeat:repeat; background-position:center top; background-attachment:static;}<\/style><div id=\"g1-section-1\" class=\"g1-section \"><div class=\"g1-layout-inner\">\n<ul class=\"g1-grid\"><li class=\"g1-column g1-one-third g1-valign-top\">\n<span id=\"g1-space-1\" class=\"g1-space \" style=\"height:30px;\"><\/span>\n<div id=\"g1-table-1\" class=\"g1-table g1-table--solid \">\n<table>\n<caption><strong style=\"font-size: 16px;\">Unsere Sprechzeiten<\/strong><\/caption>\n<tbody>\n<tr>\n<td><strong style=\"font-size: 15px;\">Montag<\/strong><\/td>\n<td><strong style=\"font-size: 15px;\">08.00 bis 15.00<\/strong><\/td>\n<\/tr>\n<tr>\n<td><strong style=\"font-size: 15px;\">Dienstag<\/strong><\/td>\n<td><strong style=\"font-size: 15px;\">08.00 bis 14.00<\/strong><\/td>\n<\/tr>\n<tr>\n<td><strong style=\"font-size: 15px;\">Mittwoch<\/strong><\/td>\n<td><strong style=\"font-size: 15px;\">08.00 bis 15.00<\/strong><\/td>\n<\/tr>\n<tr>\n<td><strong style=\"font-size: 15px;\">Donnerstag<\/strong><\/td>\n<td><strong style=\"font-size: 15px;\">08.00 bis 14.00<\/strong><\/td>\n<\/tr>\n<tr>\n<td><strong style=\"font-size: 15px;\">Freitag<\/strong><\/td>\n<td><strong style=\"font-size: 15px;\">08.00 bis 12.00<\/strong><\/td>\n<\/tr>\n<\/tbody>\n<\/table>\n<\/div>\n<\/li><!-- -->\n<li class=\"g1-column g1-one-third g1-valign-top\">\n<span id=\"g1-space-2\" class=\"g1-space \" style=\"height:30px;\"><\/span>\n<p style=\"text-align: justify;\"><a href=\"https:\/\/de.patient.doctena.de\/behandler\/Bogdan_Myndiuk-199925\"><img loading=\"lazy\" decoding=\"async\" class=\"alignnone wp-image-40 size-full\" src=\"https:\/\/mein-frauenarzt-in-berlin.de\/wp-content\/uploads\/2016\/05\/termin_online_orange.png\" alt=\"termin_online_orange\" width=\"180\" height=\"60\" \/><\/a><\/p>\n<p><span style=\"font-size: 13pt; color: #e8e6e6;\"> <i id=\"icon-1\" class=\"g1-icon g1-icon--none g1-icon--small g1-icon--inherit  fa fa-envelope\"><\/i> Ringbahnstr. 3,<\/span><br \/>\n<span style=\"font-size: 13pt;\"> <span style=\"color: #e81700;\"> <i id=\"icon-2\" class=\"g1-icon g1-icon--none g1-icon--small g1-icon--inherit  fa fa-chevron-right\"><\/i><\/span><span style=\"color: #e8e6e6;\">\u00a0 10711 Berlin<br \/>\n<span style=\"color: #e81700;\"><i id=\"icon-3\" class=\"g1-icon g1-icon--none g1-icon--small g1-icon--inherit  fa fa-chevron-right\"><\/i><\/span>\u00a0 Charlottenburg-Wilmersdorf<\/span><\/span><br \/>\n<span style=\"font-size: 13pt; color: #e8e6e6;\"> <i id=\"icon-4\" class=\"g1-icon g1-icon--none g1-icon--small g1-icon--inherit  fa fa-phone\"><\/i> \u00a0030 \/ 893 11 60<br \/>\n<i id=\"icon-5\" class=\"g1-icon g1-icon--none g1-icon--small g1-icon--inherit  fa fa-print\"><\/i> \u00a0030 \/ 895 41 569<\/span><br \/>\n<span style=\"font-size: 13pt;\"> <span style=\"color: #e8e6e6;\"> <i id=\"icon-6\" class=\"g1-icon g1-icon--none g1-icon--small g1-icon--inherit  fa fa-at\"><\/i>\u00a0\u00a0<span style=\"color: #333333;\"><a style=\"color: #333333;\" href=\"kontakt-charlottenburg-wilmersdorf\" target=\"_blank\" rel=\"noopener noreferrer\">Kontakt<\/a><\/span><\/span><\/span><\/p>\n<\/li><!-- -->\n<li class=\"g1-column g1-one-third g1-valign-top\">\n<div id=\"g1-box-counter-1\" class=\"g1-box g1-box--simple  g1-box--icon\" ><i class=\"fa fa-info g1-box__icon\"><\/i><div class=\"g1-box__inner\">\n<h3><span style=\"color: #606060;\"><strong><span style=\"font-family: verdana, geneva, sans-serif;\">Practice Info<\/span><\/strong><\/span><\/h3>\n<p lang=\"en-US\" style=\"text-align: justify;\"><span lang=\"en-US\" style=\"font-family: verdana, geneva, sans-serif; font-size: 10pt;\">\u00a0<\/span><\/p>\n<\/div><\/div>\n<\/li><!-- --><\/ul>\n<\/div><\/div>\n<style type=\"text\/css\" scoped=\"scoped\">#g1-section-2.g1-section {background-color: #ffffff; background-repeat:no-repeat; background-position:left top; background-attachment:static;}<\/style><div id=\"g1-section-2\" class=\"g1-section \"><div class=\"g1-layout-inner\">\n<p><strong>Szanowne Pacjentki,<\/strong><\/p>\n<p><strong>Witam Panie serdecznie wraz z ca\u0142ym zespo\u0142em na stronie internetowej naszego gabinetu ginekologicznego w Berlinie Charlottenburg-Wilmersdorf. Pod wzgl\u0119dem komunikacyjnym gabinet jest korzystnie ulokowany w pobli\u017cu przystanku autobusowego\/ stacji \u201eHalensee\u201d kolejki nadziemnej na ko\u0144cu Kurf\u00fcrstendamm.<\/strong><\/p>\n<p>1 kwietnia 2016 przej\u0105\u0142em gabinet ginekologiczny od pani Dr. Obst-Tirmizi, kt\u00f3ra przesz\u0142a na zas\u0142u\u017con\u0105 emerytur\u0119.<\/p>\n<p>Niniejsza strona internetowa umo\u017cliwi Paniom uzyskanie informacji o nas i o naszej pracy.<\/p>\n<p>Je\u017celi macie Panie pytania, czy to w kwestii\u00a0<strong>profilaktyki chor\u00f3b,<\/strong>\u00a0czy\u00a0<strong>zapobiegania ci\u0105\u017cy<\/strong>\u00a0czy mo\u017ce potrzebujecie doradztwa w\u00a0<strong>planowaniu rodziny<\/strong>\u00a0albo pojawiaj\u0105 si\u0119\u00a0<strong>problemy w okresie menopauzy<\/strong>\u00a0\u2013 jeste\u015bmy tutaj dla Was.<\/p>\n<p>Ponadto towarzyszymy Paniom\u00a0<strong>na ka\u017cdym kroku ci\u0105\u017cy.<\/strong><\/p>\n<p>Prosz\u0119 oceni\u0107 nas i nasz gabinet, a w razie jakichkolwiek pyta\u0144 lub \u017cycze\u0144 prosz\u0119 si\u0119 z nami skontaktowa\u0107. Cieszymy si\u0119 na ka\u017cdy kontakt z Pa\u0144stwem!<\/p>\n<p>Czujemy si\u0119 odpowiedzialni za Wasze zdrowie we wszystkich sferach.\u00a0<strong>Chcieliby\u015bmy by\u0107 gabinetem zdrowia.<\/strong>\u00a0Najch\u0119tniej zapobiega\u0107, ale r\u00f3wnie\u017c wspiera\u0107, je\u017celi ju\u017c nast\u0105pi\u0142 stan chorobowy.<\/p>\n<p>Wi\u0119kszo\u015b\u0107 ludzi troszczy si\u0119 o swoj\u0105 garderob\u0119, mieszkania, kino domowe czy samochody bardziej ni\u017c o swoje cia\u0142o. Na przyk\u0142ad samochody\u2026 Dokonuje si\u0119 ich regularnego przegl\u0105du, wymienia si\u0119 olej lub opony, zaopatruje w odpowiednie paliwo itp.<\/p>\n<p>Kiedy ostatni raz sprawdza\u0142y\u015bcie Panie, czy Wasza najwa\u017cniejsza maszyna, a mianowicie Wasze cia\u0142o ma wszystkie sk\u0142adniki potrzebne do utrzymania zdrowia?<\/p>\n<p>Oferujemy\u00a0<strong>pe\u0142ne spektrum zwyczajowej profilaktyki<\/strong>\u00a0zgodnej z wytycznymi wczesnego wykrywania chor\u00f3b onkologicznych, ustalone przez pa\u0144stwowe kasy chorych w zale\u017cno\u015bci od wieku, a nast\u0119pnie badania uzupe\u0142niaj\u0105ce, wskazane z medycznego punktu widzenia jako tzw. indywidualne \u015bwiadczenia zdrowotne (IGEL-Leistungen).<\/p>\n<p>Indywidualna konsultacja lekarska mo\u017ce si\u0119 odby\u0107 tylko podczas osobistego spotkania, w sieci za\u015b nie jest ona mo\u017cliwa.<\/p>\n<p><strong>Ch\u0119tnie udzielimy wyczerpuj\u0105cej indywidualnej porady w godzinach przyj\u0119\u0107.<\/strong><\/p>\n<p><strong>Obiecujemy, \u017ce po\u015bwi\u0119cimy Paniom tyle czasu ile trzeba!<br \/>\n<\/strong><br \/>\n<strong>Bogdan Myndiuk wraz z ca\u0142ym Zespo\u0142em<\/strong><\/p>\n<\/div><\/div>\n<p style=\"text-align: justify;\">\n","protected":false},"excerpt":{"rendered":"","protected":false},"author":1,"featured_media":0,"parent":0,"menu_order":0,"comment_status":"closed","ping_status":"closed","template":"g1_template_page_full_sections.php","meta":{"footnotes":""},"class_list":["post-1108","page","type-page","status-publish"],"yoast_head":"<!-- This site is optimized with the Yoast SEO plugin v23.2 - https:\/\/yoast.com\/wordpress\/plugins\/seo\/ -->\n<title>Startseite - Praxis Facharzt B. Myndiuk<\/title>\n<meta name=\"robots\" content=\"index, follow, max-snippet:-1, max-image-preview:large, max-video-preview:-1\" \/>\n<link rel=\"canonical\" href=\"https:\/\/mein-frauenarzt-in-berlin.de\/pl\/\" \/>\n<meta property=\"og:locale\" content=\"pl_PL\" \/>\n<meta property=\"og:type\" content=\"article\" \/>\n<meta property=\"og:title\" content=\"Startseite - Praxis Facharzt B. Myndiuk\" \/>\n<meta property=\"og:url\" content=\"https:\/\/mein-frauenarzt-in-berlin.de\/pl\/\" \/>\n<meta property=\"og:site_name\" content=\"Praxis Facharzt B. Myndiuk\" \/>\n<meta property=\"article:modified_time\" content=\"2023-07-26T16:24:16+00:00\" \/>\n<meta property=\"og:image\" content=\"https:\/\/mein-frauenarzt-in-berlin.de\/wp-content\/uploads\/2016\/05\/termin_online_orange.png\" \/>\n<meta name=\"twitter:card\" content=\"summary_large_image\" \/>\n<meta name=\"twitter:label1\" content=\"Szacowany czas czytania\" \/>\n\t<meta name=\"twitter:data1\" content=\"3 minuty\" \/>\n<script type=\"application\/ld+json\" class=\"yoast-schema-graph\">{\"@context\":\"https:\/\/schema.org\",\"@graph\":[{\"@type\":\"WebPage\",\"@id\":\"https:\/\/mein-frauenarzt-in-berlin.de\/pl\/\",\"url\":\"https:\/\/mein-frauenarzt-in-berlin.de\/pl\/\",\"name\":\"Startseite - Praxis Facharzt B. Myndiuk\",\"isPartOf\":{\"@id\":\"https:\/\/mein-frauenarzt-in-berlin.de\/ru\/#website\"},\"primaryImageOfPage\":{\"@id\":\"https:\/\/mein-frauenarzt-in-berlin.de\/pl\/#primaryimage\"},\"image\":{\"@id\":\"https:\/\/mein-frauenarzt-in-berlin.de\/pl\/#primaryimage\"},\"thumbnailUrl\":\"https:\/\/mein-frauenarzt-in-berlin.de\/wp-content\/uploads\/2016\/05\/termin_online_orange.png\",\"datePublished\":\"2018-03-09T16:44:17+00:00\",\"dateModified\":\"2023-07-26T16:24:16+00:00\",\"breadcrumb\":{\"@id\":\"https:\/\/mein-frauenarzt-in-berlin.de\/pl\/#breadcrumb\"},\"inLanguage\":\"pl-PL\",\"potentialAction\":[{\"@type\":\"ReadAction\",\"target\":[\"https:\/\/mein-frauenarzt-in-berlin.de\/pl\/\"]}]},{\"@type\":\"ImageObject\",\"inLanguage\":\"pl-PL\",\"@id\":\"https:\/\/mein-frauenarzt-in-berlin.de\/pl\/#primaryimage\",\"url\":\"https:\/\/mein-frauenarzt-in-berlin.de\/wp-content\/uploads\/2016\/05\/termin_online_orange.png\",\"contentUrl\":\"https:\/\/mein-frauenarzt-in-berlin.de\/wp-content\/uploads\/2016\/05\/termin_online_orange.png\"},{\"@type\":\"BreadcrumbList\",\"@id\":\"https:\/\/mein-frauenarzt-in-berlin.de\/pl\/#breadcrumb\",\"itemListElement\":[{\"@type\":\"ListItem\",\"position\":1,\"name\":\"Startseite\",\"item\":\"https:\/\/mein-frauenarzt-in-berlin.de\/pl\/\"},{\"@type\":\"ListItem\",\"position\":2,\"name\":\"Startseite\"}]},{\"@type\":\"WebSite\",\"@id\":\"https:\/\/mein-frauenarzt-in-berlin.de\/ru\/#website\",\"url\":\"https:\/\/mein-frauenarzt-in-berlin.de\/ru\/\",\"name\":\"Praxis Facharzt B. Myndiuk\",\"description\":\"Ihr Frauenarzt in Berlin\",\"potentialAction\":[{\"@type\":\"SearchAction\",\"target\":{\"@type\":\"EntryPoint\",\"urlTemplate\":\"https:\/\/mein-frauenarzt-in-berlin.de\/ru\/?s={search_term_string}\"},\"query-input\":\"required name=search_term_string\"}],\"inLanguage\":\"pl-PL\"}]}<\/script>\n<!-- \/ Yoast SEO plugin. -->","yoast_head_json":{"title":"Startseite - Praxis Facharzt B. Myndiuk","robots":{"index":"index","follow":"follow","max-snippet":"max-snippet:-1","max-image-preview":"max-image-preview:large","max-video-preview":"max-video-preview:-1"},"canonical":"https:\/\/mein-frauenarzt-in-berlin.de\/pl\/","og_locale":"pl_PL","og_type":"article","og_title":"Startseite - Praxis Facharzt B. Myndiuk","og_url":"https:\/\/mein-frauenarzt-in-berlin.de\/pl\/","og_site_name":"Praxis Facharzt B. Myndiuk","article_modified_time":"2023-07-26T16:24:16+00:00","og_image":[{"url":"https:\/\/mein-frauenarzt-in-berlin.de\/wp-content\/uploads\/2016\/05\/termin_online_orange.png"}],"twitter_card":"summary_large_image","twitter_misc":{"Szacowany czas czytania":"3 minuty"},"schema":{"@context":"https:\/\/schema.org","@graph":[{"@type":"WebPage","@id":"https:\/\/mein-frauenarzt-in-berlin.de\/pl\/","url":"https:\/\/mein-frauenarzt-in-berlin.de\/pl\/","name":"Startseite - Praxis Facharzt B. Myndiuk","isPartOf":{"@id":"https:\/\/mein-frauenarzt-in-berlin.de\/ru\/#website"},"primaryImageOfPage":{"@id":"https:\/\/mein-frauenarzt-in-berlin.de\/pl\/#primaryimage"},"image":{"@id":"https:\/\/mein-frauenarzt-in-berlin.de\/pl\/#primaryimage"},"thumbnailUrl":"https:\/\/mein-frauenarzt-in-berlin.de\/wp-content\/uploads\/2016\/05\/termin_online_orange.png","datePublished":"2018-03-09T16:44:17+00:00","dateModified":"2023-07-26T16:24:16+00:00","breadcrumb":{"@id":"https:\/\/mein-frauenarzt-in-berlin.de\/pl\/#breadcrumb"},"inLanguage":"pl-PL","potentialAction":[{"@type":"ReadAction","target":["https:\/\/mein-frauenarzt-in-berlin.de\/pl\/"]}]},{"@type":"ImageObject","inLanguage":"pl-PL","@id":"https:\/\/mein-frauenarzt-in-berlin.de\/pl\/#primaryimage","url":"https:\/\/mein-frauenarzt-in-berlin.de\/wp-content\/uploads\/2016\/05\/termin_online_orange.png","contentUrl":"https:\/\/mein-frauenarzt-in-berlin.de\/wp-content\/uploads\/2016\/05\/termin_online_orange.png"},{"@type":"BreadcrumbList","@id":"https:\/\/mein-frauenarzt-in-berlin.de\/pl\/#breadcrumb","itemListElement":[{"@type":"ListItem","position":1,"name":"Startseite","item":"https:\/\/mein-frauenarzt-in-berlin.de\/pl\/"},{"@type":"ListItem","position":2,"name":"Startseite"}]},{"@type":"WebSite","@id":"https:\/\/mein-frauenarzt-in-berlin.de\/ru\/#website","url":"https:\/\/mein-frauenarzt-in-berlin.de\/ru\/","name":"Praxis Facharzt B. Myndiuk","description":"Ihr Frauenarzt in Berlin","potentialAction":[{"@type":"SearchAction","target":{"@type":"EntryPoint","urlTemplate":"https:\/\/mein-frauenarzt-in-berlin.de\/ru\/?s={search_term_string}"},"query-input":"required name=search_term_string"}],"inLanguage":"pl-PL"}]}},"_links":{"self":[{"href":"https:\/\/mein-frauenarzt-in-berlin.de\/pl\/wp-json\/wp\/v2\/pages\/1108"}],"collection":[{"href":"https:\/\/mein-frauenarzt-in-berlin.de\/pl\/wp-json\/wp\/v2\/pages"}],"about":[{"href":"https:\/\/mein-frauenarzt-in-berlin.de\/pl\/wp-json\/wp\/v2\/types\/page"}],"author":[{"embeddable":true,"href":"https:\/\/mein-frauenarzt-in-berlin.de\/pl\/wp-json\/wp\/v2\/users\/1"}],"replies":[{"embeddable":true,"href":"https:\/\/mein-frauenarzt-in-berlin.de\/pl\/wp-json\/wp\/v2\/comments?post=1108"}],"version-history":[{"count":1,"href":"https:\/\/mein-frauenarzt-in-berlin.de\/pl\/wp-json\/wp\/v2\/pages\/1108\/revisions"}],"predecessor-version":[{"id":1335,"href":"https:\/\/mein-frauenarzt-in-berlin.de\/pl\/wp-json\/wp\/v2\/pages\/1108\/revisions\/1335"}],"wp:attachment":[{"href":"https:\/\/mein-frauenarzt-in-berlin.de\/pl\/wp-json\/wp\/v2\/media?parent=1108"}],"curies":[{"name":"wp","href":"https:\/\/api.w.org\/{rel}","templated":true}]}}